{"id":11064,"date":"2014-05-29T16:18:17","date_gmt":"2014-05-29T20:18:17","guid":{"rendered":"https:\/\/teleressources.staging.htc.ca\/?page_id=11064"},"modified":"2025-07-08T15:29:20","modified_gmt":"2025-07-08T19:29:20","slug":"home2","status":"publish","type":"page","link":"https:\/\/www.teleressources.com\/en\/","title":{"rendered":"T\u00e9l\u00e9-Ressources Employment Agency"},"content":{"rendered":"<div class=\"omc-full-width-category omc-module-a\">\n        <h2 class=\"omc-module-a-label\">Blog<\/h2>\n    <div class=\"blog-introtext\">\n        Explore our blog for a wealth of knowledge on staffing, recruitment, and career growth. Our blog is packed with tips and advice for employers, job seekers, and hiring professionals\u2014covering everything from recruitment best practices to career-building strategies.    <\/div>\n                <article class=\"omc-full-width-post leading\">\n            <a href=\"https:\/\/www.teleressources.com\/en\/4-tips-to-leverage-marketing-in-your-recruitment-strategy\/\" class=\"omc-module\">\n                <img width=\"620\" height=\"310\" src=\"https:\/\/www.teleressources.com\/wp-content\/uploads\/2025\/12\/tr_business_intelligence_dec25_recruitment_strategy-620x310.jpg\" class=\"omc-image-resize wp-post-image\" alt=\"\" decoding=\"async\" \/>                <h3>4 Tips to Leverage Marketing in Your Recruitment Strategy<\/h3>\n            <\/a>\n            <a href=\"https:\/\/www.teleressources.com\/en\/4-tips-to-leverage-marketing-in-your-recruitment-strategy\/\" class=\"omc-post-excerpt\">Recruiting top talent today takes more than job boards and cold outreach,&hellip;...<img src=\"\/wp-content\/themes\/gonzo\/images\/icon_arrow_more.svg\" alt=\"Red arrow linking to the blog article\"\/><\/a>\n            <div class=\"omc-post-details\">December 10, 2025  | by T\u00e9l\u00e9-Ressources<\/div>\n        <\/article>\n                        <article class=\"omc-blog-two omc-half-width-category\" id=\"post-27608\">\n                <div class=\"omc-resize-290 omc-blog\">\n                                        <h2 class=\"omc-blog-two-cat\"><a href=\"https:\/\/www.teleressources.com\/en\/blog\/office-jobs\/\">Office Jobs<\/a><\/h2>\n                    \n                                        \n                    <a href=\"https:\/\/www.teleressources.com\/en\/software-every-administrative-professional-should-know\/\" >\n                                                <img width=\"736\" height=\"422\" src=\"https:\/\/www.teleressources.com\/wp-content\/uploads\/2025\/12\/tr_office_jobs_dec25_administrative_professional-736x422.jpg\" class=\"omc-image-resize wp-post-image\" alt=\"\" decoding=\"async\" srcset=\"https:\/\/www.teleressources.com\/wp-content\/uploads\/2025\/12\/tr_office_jobs_dec25_administrative_professional-736x422.jpg 736w, https:\/\/www.teleressources.com\/wp-content\/uploads\/2025\/12\/tr_office_jobs_dec25_administrative_professional-290x166.jpg 290w\" sizes=\"(max-width: 736px) 100vw, 736px\" \/>                    <\/a>\n                <\/div><!-- \/omc-resize-290 -->\n                <div class=\"omc-blog-two-text\">\n                    <h3><a href=\"https:\/\/www.teleressources.com\/en\/software-every-administrative-professional-should-know\/\">5 Software Applications Every Administrative Professional Should Know<\/a><\/h3>\n                    <p class=\"omc-blog-two-date\">December 5, 2025  | by T\u00e9l\u00e9-Ressources<\/p>\n                    <a href=\"https:\/\/www.teleressources.com\/en\/software-every-administrative-professional-should-know\/\"><p class=\"omc-blog-two-exceprt\" >Administrative professionals are the tech-savvy backbone of modern offices. Whether you&#8217;re supporting a team, managing projects, or handling communications, knowing&hellip;<img src=\"\/wp-content\/themes\/gonzo\/images\/icon_arrow_more.svg\" alt=\"Red arrow linking to the blog article\"\/><\/p><\/a>\n                    <br class=\"clear\" \/>\n                <\/div><!-- \/omc-blog-two-text -->\n            <\/article>\n                    <article class=\"omc-blog-two omc-half-width-category\" id=\"post-27601\">\n                <div class=\"omc-resize-290 omc-blog\">\n                                        <h2 class=\"omc-blog-two-cat\"><a href=\"https:\/\/www.teleressources.com\/en\/blog\/business-intelligence\/\">Business Intelligence<\/a><\/h2>\n                    \n                                        \n                    <a href=\"https:\/\/www.teleressources.com\/en\/hiring-trends-companies-cant-afford-to-ignore\/\" >\n                                                <img width=\"736\" height=\"422\" src=\"https:\/\/www.teleressources.com\/wp-content\/uploads\/2025\/11\/tr_business_intelligence_nov25_hiring_trends-736x422.jpg\" class=\"omc-image-resize wp-post-image\" alt=\"a man shaking hands with a hiring manager across a desk\" decoding=\"async\" srcset=\"https:\/\/www.teleressources.com\/wp-content\/uploads\/2025\/11\/tr_business_intelligence_nov25_hiring_trends-736x422.jpg 736w, https:\/\/www.teleressources.com\/wp-content\/uploads\/2025\/11\/tr_business_intelligence_nov25_hiring_trends-290x166.jpg 290w\" sizes=\"(max-width: 736px) 100vw, 736px\" \/>                    <\/a>\n                <\/div><!-- \/omc-resize-290 -->\n                <div class=\"omc-blog-two-text\">\n                    <h3><a href=\"https:\/\/www.teleressources.com\/en\/hiring-trends-companies-cant-afford-to-ignore\/\">3 Hiring Trends Companies Can\u2019t Afford to Ignore in 2025<\/a><\/h3>\n                    <p class=\"omc-blog-two-date\">November 18, 2025  | by T\u00e9l\u00e9-Ressources<\/p>\n                    <a href=\"https:\/\/www.teleressources.com\/en\/hiring-trends-companies-cant-afford-to-ignore\/\"><p class=\"omc-blog-two-exceprt\" >The rules of recruiting are being rewritten. In 2025, companies are rethinking how they find, evaluate, and retain talent\u2014not just&hellip;<img src=\"\/wp-content\/themes\/gonzo\/images\/icon_arrow_more.svg\" alt=\"Red arrow linking to the blog article\"\/><\/p><\/a>\n                    <br class=\"clear\" \/>\n                <\/div><!-- \/omc-blog-two-text -->\n            <\/article>\n                    <article class=\"omc-blog-two omc-half-width-category\" id=\"post-27594\">\n                <div class=\"omc-resize-290 omc-blog\">\n                                        <h2 class=\"omc-blog-two-cat\"><a href=\"https:\/\/www.teleressources.com\/en\/blog\/industrial-jobs\/\">Industrial Jobs<\/a><\/h2>\n                    \n                                        \n                    <a href=\"https:\/\/www.teleressources.com\/en\/benefits-of-temp-to-perm-hiring-in-the-logistics-industry\/\" >\n                                                <img width=\"736\" height=\"422\" src=\"https:\/\/www.teleressources.com\/wp-content\/uploads\/2025\/11\/tr_industrial_jobs_nov25_logistics_industry-736x422.jpg\" class=\"omc-image-resize wp-post-image\" alt=\"Warehouse workers looking over a checklist in a warehouse\" decoding=\"async\" srcset=\"https:\/\/www.teleressources.com\/wp-content\/uploads\/2025\/11\/tr_industrial_jobs_nov25_logistics_industry-736x422.jpg 736w, https:\/\/www.teleressources.com\/wp-content\/uploads\/2025\/11\/tr_industrial_jobs_nov25_logistics_industry-290x166.jpg 290w\" sizes=\"(max-width: 736px) 100vw, 736px\" \/>                    <\/a>\n                <\/div><!-- \/omc-resize-290 -->\n                <div class=\"omc-blog-two-text\">\n                    <h3><a href=\"https:\/\/www.teleressources.com\/en\/benefits-of-temp-to-perm-hiring-in-the-logistics-industry\/\">4 Benefits of Temp-to-Perm Hiring in the Logistics Industry<\/a><\/h3>\n                    <p class=\"omc-blog-two-date\">November 7, 2025  | by T\u00e9l\u00e9-Ressources<\/p>\n                    <a href=\"https:\/\/www.teleressources.com\/en\/benefits-of-temp-to-perm-hiring-in-the-logistics-industry\/\"><p class=\"omc-blog-two-exceprt\" >Not every job starts as a lifelong career, but some of the best ones do. In the logistics industry, where&hellip;<img src=\"\/wp-content\/themes\/gonzo\/images\/icon_arrow_more.svg\" alt=\"Red arrow linking to the blog article\"\/><\/p><\/a>\n                    <br class=\"clear\" \/>\n                <\/div><!-- \/omc-blog-two-text -->\n            <\/article>\n                    <article class=\"omc-blog-two omc-half-width-category\" id=\"post-27573\">\n                <div class=\"omc-resize-290 omc-blog\">\n                                        <h2 class=\"omc-blog-two-cat\"><a href=\"https:\/\/www.teleressources.com\/en\/blog\/business-intelligence\/\">Business Intelligence<\/a><\/h2>\n                    \n                                        \n                    <a href=\"https:\/\/www.teleressources.com\/en\/5-ways-talent-mapping-can-help\/\" >\n                                                <img width=\"736\" height=\"422\" src=\"https:\/\/www.teleressources.com\/wp-content\/uploads\/2025\/10\/tr_business_intelligence_oct25_talent_mapping-736x422.jpg\" class=\"omc-image-resize wp-post-image\" alt=\"a group of coworkers talking in an office setting\" decoding=\"async\" srcset=\"https:\/\/www.teleressources.com\/wp-content\/uploads\/2025\/10\/tr_business_intelligence_oct25_talent_mapping-736x422.jpg 736w, https:\/\/www.teleressources.com\/wp-content\/uploads\/2025\/10\/tr_business_intelligence_oct25_talent_mapping-290x166.jpg 290w\" sizes=\"(max-width: 736px) 100vw, 736px\" \/>                    <\/a>\n                <\/div><!-- \/omc-resize-290 -->\n                <div class=\"omc-blog-two-text\">\n                    <h3><a href=\"https:\/\/www.teleressources.com\/en\/5-ways-talent-mapping-can-help\/\">5 Ways Talent Mapping Can Help You Build a Future-Ready Team<\/a><\/h3>\n                    <p class=\"omc-blog-two-date\">October 20, 2025  | by T\u00e9l\u00e9-Ressources<\/p>\n                    <a href=\"https:\/\/www.teleressources.com\/en\/5-ways-talent-mapping-can-help\/\"><p class=\"omc-blog-two-exceprt\" >As market demands shift and emerging technologies reshape industries, the organizations that anticipate change rather than react to it are&hellip;<img src=\"\/wp-content\/themes\/gonzo\/images\/icon_arrow_more.svg\" alt=\"Red arrow linking to the blog article\"\/><\/p><\/a>\n                    <br class=\"clear\" \/>\n                <\/div><!-- \/omc-blog-two-text -->\n            <\/article>\n        <div class=\"friendly_button friendly_button_small friendly_button_red friendly_button_round blog-more-btn\">\n        <a href=\"https:\/\/www.teleressources.com\/blogue\/\">View more<\/a>\n    <\/div>\n    <\/div>\n    ","protected":false},"excerpt":{"rendered":"","protected":false},"author":4,"featured_media":0,"parent":0,"menu_order":0,"comment_status":"closed","ping_status":"open","template":"template-homepage-en.php","meta":{"_monsterinsights_skip_tracking":false,"_monsterinsights_sitenote_active":false,"_monsterinsights_sitenote_note":"","_monsterinsights_sitenote_category":0,"footnotes":""},"yoast_head":"<!-- This site is optimized with the Yoast SEO plugin v21.1 - https:\/\/yoast.com\/wordpress\/plugins\/seo\/ -->\n<title>Employment Agency for Montreal and Quebec &ndash; T\u00e9l\u00e9-Ressources<\/title>\n<meta name=\"description\" content=\"Montreal employment agency offering expert recruitment and job placement services across Quebec. Your career and hiring solutions partner.\" \/>\n<meta name=\"robots\" content=\"index, follow, max-snippet:-1, max-image-preview:large, max-video-preview:-1\" \/>\n<link rel=\"canonical\" href=\"https:\/\/www.teleressources.com\/en\/\" \/>\n<meta property=\"og:locale\" content=\"en_US\" \/>\n<meta property=\"og:type\" content=\"article\" \/>\n<meta property=\"og:title\" content=\"Employment Agency for Montreal and Quebec\" \/>\n<meta property=\"og:description\" content=\"Discover job opportunities in Montreal and throughout Quebec!\" \/>\n<meta property=\"og:url\" content=\"https:\/\/www.teleressources.com\/en\/\" \/>\n<meta property=\"og:site_name\" content=\"T\u00e9l\u00e9-Ressources\" \/>\n<meta property=\"article:modified_time\" content=\"2025-07-08T19:29:20+00:00\" \/>\n<meta property=\"og:image\" content=\"https:\/\/www.teleressources.com\/wp-content\/uploads\/2023\/08\/tr_logo_1200x630_no_tagline@2x.png\" \/>\n\t<meta property=\"og:image:width\" content=\"2400\" \/>\n\t<meta property=\"og:image:height\" content=\"1260\" \/>\n\t<meta property=\"og:image:type\" content=\"image\/png\" \/>\n<meta name=\"twitter:card\" content=\"summary_large_image\" \/>\n<meta name=\"twitter:title\" content=\"&ndash; T\u00e9l\u00e9-Ressources\" \/>\n<meta name=\"twitter:description\" content=\"Talent mapping, a strategic process of identifying, assessing, and tracking talent, plays a role preparing companies for the future.\" \/>\n<meta name=\"twitter:image\" content=\"https:\/\/www.teleressources.com\/wp-content\/uploads\/2023\/08\/tr_logo_1200x630_no_tagline@2x.png\" \/>\n<meta name=\"twitter:site\" content=\"@teleressources\" \/>\n<script type=\"application\/ld+json\" class=\"yoast-schema-graph\">{\"@context\":\"https:\/\/schema.org\",\"@graph\":[{\"@type\":\"WebPage\",\"@id\":\"https:\/\/www.teleressources.com\/en\/\",\"url\":\"https:\/\/www.teleressources.com\/en\/\",\"name\":\"Employment Agency for Montreal and Quebec\",\"isPartOf\":{\"@id\":\"https:\/\/www.teleressources.com\/en\/#website\"},\"datePublished\":\"2014-05-29T20:18:17+00:00\",\"dateModified\":\"2025-07-08T19:29:20+00:00\",\"description\":\"Montreal employment agency offering expert recruitment and job placement services across Quebec. Your career and hiring solutions partner.\",\"breadcrumb\":{\"@id\":\"https:\/\/www.teleressources.com\/en\/#breadcrumb\"},\"inLanguage\":\"en-US\",\"potentialAction\":[{\"@type\":\"ReadAction\",\"target\":[\"https:\/\/www.teleressources.com\/en\/\"]}]},{\"@type\":\"BreadcrumbList\",\"@id\":\"https:\/\/www.teleressources.com\/en\/#breadcrumb\",\"itemListElement\":[{\"@type\":\"ListItem\",\"position\":1,\"name\":\"Home\",\"item\":\"https:\/\/www.teleressources.com\/en\/\"},{\"@type\":\"ListItem\",\"position\":2,\"name\":\"T\u00e9l\u00e9-Ressources Employment Agency\"}]},{\"@type\":\"WebSite\",\"@id\":\"https:\/\/www.teleressources.com\/en\/#website\",\"url\":\"https:\/\/www.teleressources.com\/en\/\",\"name\":\"T\u00e9l\u00e9-Ressources\",\"description\":\"Offres d&#039;emploi au Qu\u00e9bec et \u00e0 Montr\u00e9al\",\"publisher\":{\"@id\":\"https:\/\/www.teleressources.com\/en\/#organization\"},\"potentialAction\":[{\"@type\":\"SearchAction\",\"target\":{\"@type\":\"EntryPoint\",\"urlTemplate\":\"https:\/\/www.teleressources.com\/en\/?s={search_term_string}\"},\"query-input\":\"required name=search_term_string\"}],\"inLanguage\":\"en-US\"},{\"@type\":\"Organization\",\"@id\":\"https:\/\/www.teleressources.com\/en\/#organization\",\"name\":\"T\u00e9l\u00e9-Ressources\",\"url\":\"https:\/\/www.teleressources.com\/en\/\",\"logo\":{\"@type\":\"ImageObject\",\"inLanguage\":\"en-US\",\"@id\":\"https:\/\/www.teleressources.com\/en\/#\/schema\/logo\/image\/\",\"url\":\"https:\/\/www.teleressources.com\/wp-content\/uploads\/2014\/05\/Vrt-Couleur-High-No-Slogan-JPG.jpg\",\"contentUrl\":\"https:\/\/www.teleressources.com\/wp-content\/uploads\/2014\/05\/Vrt-Couleur-High-No-Slogan-JPG.jpg\",\"width\":1200,\"height\":1200,\"caption\":\"T\u00e9l\u00e9-Ressources\"},\"image\":{\"@id\":\"https:\/\/www.teleressources.com\/en\/#\/schema\/logo\/image\/\"}}]}<\/script>\n<!-- \/ Yoast SEO plugin. -->","yoast_head_json":{"title":"Employment Agency for Montreal and Quebec &ndash; T\u00e9l\u00e9-Ressources","description":"Montreal employment agency offering expert recruitment and job placement services across Quebec. Your career and hiring solutions partner.","robots":{"index":"index","follow":"follow","max-snippet":"max-snippet:-1","max-image-preview":"max-image-preview:large","max-video-preview":"max-video-preview:-1"},"canonical":"https:\/\/www.teleressources.com\/en\/","og_locale":"en_US","og_type":"article","og_title":"Employment Agency for Montreal and Quebec","og_description":"Discover job opportunities in Montreal and throughout Quebec!","og_url":"https:\/\/www.teleressources.com\/en\/","og_site_name":"T\u00e9l\u00e9-Ressources","article_modified_time":"2025-07-08T19:29:20+00:00","og_image":[{"width":2400,"height":1260,"url":"https:\/\/www.teleressources.com\/wp-content\/uploads\/2023\/08\/tr_logo_1200x630_no_tagline@2x.png","type":"image\/png"}],"twitter_card":"summary_large_image","twitter_title":"&ndash; T\u00e9l\u00e9-Ressources","twitter_description":"Talent mapping, a strategic process of identifying, assessing, and tracking talent, plays a role preparing companies for the future.","twitter_image":"https:\/\/www.teleressources.com\/wp-content\/uploads\/2023\/08\/tr_logo_1200x630_no_tagline@2x.png","twitter_site":"@teleressources","schema":{"@context":"https:\/\/schema.org","@graph":[{"@type":"WebPage","@id":"https:\/\/www.teleressources.com\/en\/","url":"https:\/\/www.teleressources.com\/en\/","name":"Employment Agency for Montreal and Quebec","isPartOf":{"@id":"https:\/\/www.teleressources.com\/en\/#website"},"datePublished":"2014-05-29T20:18:17+00:00","dateModified":"2025-07-08T19:29:20+00:00","description":"Montreal employment agency offering expert recruitment and job placement services across Quebec. Your career and hiring solutions partner.","breadcrumb":{"@id":"https:\/\/www.teleressources.com\/en\/#breadcrumb"},"inLanguage":"en-US","potentialAction":[{"@type":"ReadAction","target":["https:\/\/www.teleressources.com\/en\/"]}]},{"@type":"BreadcrumbList","@id":"https:\/\/www.teleressources.com\/en\/#breadcrumb","itemListElement":[{"@type":"ListItem","position":1,"name":"Home","item":"https:\/\/www.teleressources.com\/en\/"},{"@type":"ListItem","position":2,"name":"T\u00e9l\u00e9-Ressources Employment Agency"}]},{"@type":"WebSite","@id":"https:\/\/www.teleressources.com\/en\/#website","url":"https:\/\/www.teleressources.com\/en\/","name":"T\u00e9l\u00e9-Ressources","description":"Offres d&#039;emploi au Qu\u00e9bec et \u00e0 Montr\u00e9al","publisher":{"@id":"https:\/\/www.teleressources.com\/en\/#organization"},"potentialAction":[{"@type":"SearchAction","target":{"@type":"EntryPoint","urlTemplate":"https:\/\/www.teleressources.com\/en\/?s={search_term_string}"},"query-input":"required name=search_term_string"}],"inLanguage":"en-US"},{"@type":"Organization","@id":"https:\/\/www.teleressources.com\/en\/#organization","name":"T\u00e9l\u00e9-Ressources","url":"https:\/\/www.teleressources.com\/en\/","logo":{"@type":"ImageObject","inLanguage":"en-US","@id":"https:\/\/www.teleressources.com\/en\/#\/schema\/logo\/image\/","url":"https:\/\/www.teleressources.com\/wp-content\/uploads\/2014\/05\/Vrt-Couleur-High-No-Slogan-JPG.jpg","contentUrl":"https:\/\/www.teleressources.com\/wp-content\/uploads\/2014\/05\/Vrt-Couleur-High-No-Slogan-JPG.jpg","width":1200,"height":1200,"caption":"T\u00e9l\u00e9-Ressources"},"image":{"@id":"https:\/\/www.teleressources.com\/en\/#\/schema\/logo\/image\/"}}]}},"_links":{"self":[{"href":"https:\/\/www.teleressources.com\/en\/wp-json\/wp\/v2\/pages\/11064"}],"collection":[{"href":"https:\/\/www.teleressources.com\/en\/wp-json\/wp\/v2\/pages"}],"about":[{"href":"https:\/\/www.teleressources.com\/en\/wp-json\/wp\/v2\/types\/page"}],"author":[{"embeddable":true,"href":"https:\/\/www.teleressources.com\/en\/wp-json\/wp\/v2\/users\/4"}],"replies":[{"embeddable":true,"href":"https:\/\/www.teleressources.com\/en\/wp-json\/wp\/v2\/comments?post=11064"}],"version-history":[{"count":7,"href":"https:\/\/www.teleressources.com\/en\/wp-json\/wp\/v2\/pages\/11064\/revisions"}],"predecessor-version":[{"id":27384,"href":"https:\/\/www.teleressources.com\/en\/wp-json\/wp\/v2\/pages\/11064\/revisions\/27384"}],"wp:attachment":[{"href":"https:\/\/www.teleressources.com\/en\/wp-json\/wp\/v2\/media?parent=11064"}],"curies":[{"name":"wp","href":"https:\/\/api.w.org\/{rel}","templated":true}]}}