{"id":569,"date":"2014-03-17T10:45:15","date_gmt":"2014-03-17T14:45:15","guid":{"rendered":"http:\/\/teleressources.nerdstudio.com\/?page_id=569"},"modified":"2025-07-15T15:16:20","modified_gmt":"2025-07-15T19:16:20","slug":"contact","status":"publish","type":"page","link":"https:\/\/www.teleressources.com\/en\/contact\/","title":{"rendered":"CONTACT"},"content":{"rendered":"<p><a href=\"https:\/\/www.google.com\/maps\/place\/85+Sainte-Catherine+O+Suite+200,+Montr%C3%A9al,+QC+H2X+3P4\/@45.509089,-73.564675,16z\/data=!4m6!3m5!1s0x4cc91a4e67230a25:0xa7773a2569ff1c46!8m2!3d45.509089!4d-73.564675!16s%2Fg%2F11ll_zxb7n?entry=ttu\" target=\"_blank\">View Map<\/a><\/p>\n<div class=\"contact submap\">\n<div class=\"col icon\"><img decoding=\"async\" src=\"\/wp-content\/themes\/gonzo\/images\/contact-icons\/icon_metro.svg\" alt=\"Icon of the Montreal metro, representing public transit access\" \/><\/div>\n<div class=\"col\">\n<h3>Metro<\/h3>\n<p>Metro Place-Des-Arts, Jeanne-Mance exit<br \/>\nMetro Saint-Laurent\n<\/div>\n<\/div>\n<div class=\"contact company\">\n<div class=\"col icon\"><img decoding=\"async\" src=\"\/wp-content\/themes\/gonzo\/images\/contact-icons\/tr_logo_only.svg\" alt=\"T\u00e9l\u00e9-Ressources company logo\" \/><\/div>\n<div class=\"col\">\n<h2>T\u00e9l\u00e9-Ressources Staffing Services Ltd.<\/h2>\n<p class=\"address\">85 Ste-Catherine St. West<br \/>\nSuite 200<br \/>\nMontreal, QC H2X 3P4<\/p>\n<\/div>\n<\/div>\n<div class=\"contact phone\">\n<div class=\"col icon\"><img decoding=\"async\" src=\"\/wp-content\/themes\/gonzo\/images\/contact-icons\/icon_phone.svg\" alt=\"Icon of a telephone, representing phone numbers\" \/><\/div>\n<div class=\"col\">\n<h3>Phone:<\/h3>\n<p>514 842-0066<\/p>\n<h3>Toll Free:<\/h3>\n<p>1-877-607-0066<\/p>\n<h3>Fax:<\/h3>\n<p>514 842-8797<\/p>\n<\/div>\n<\/div>\n<div class=\"contact\">\n<div class=\"col icon\"><img decoding=\"async\" src=\"\/wp-content\/themes\/gonzo\/images\/contact-icons\/icon_calendar.svg\" alt=\"Icon of a clock overlaid on a calendar, representing business hours\" \/><\/div>\n<div class=\"col\">\n<h3>Business Hours:<\/h3>\n<p>Monday to Friday,<br \/>\nfrom 8 a.m. to\u00a05\u00a0p.m.<\/p>\n<\/div>\n<\/div>\n<div class=\"contact email\">\n<div class=\"col icon\"><img decoding=\"async\" src=\"\/wp-content\/themes\/gonzo\/images\/contact-icons\/icon_email.svg\" alt=\"Icon of an envelope, representing email contact\" \/><\/div>\n<div class=\"col\">\n<h3>Submit a mandate or request more information:<\/h3>\n<p><a href=\"mailto:info@teleressources.com\">info@teleressources.com<\/a><\/p>\n<h3>Send us your resume:<\/h3>\n<p><a href=\"mailto:emplois@teleressources.com\">emplois@teleressources.com<\/a><\/p>\n<h3>Submit a timesheet:<\/h3>\n<p><a href=\"mailto:paie@teleressources.com\">paie@teleressources.com<\/a><\/p>\n<\/div>\n<\/div>\n","protected":false},"excerpt":{"rendered":"<p>Metro Metro Place-Des-Arts, Jeanne-Mance exit Metro Saint-Laurent T\u00e9l\u00e9-Ressources Staffing Services Ltd. 85 Ste-Catherine St. West Suite 200 Montreal, QC H2X 3P4 Phone: 514 842-0066 Toll Free: 1-877-607-0066 Fax: 514 842-8797 Business Hours: Monday to Friday, from 8 a.m. to\u00a05\u00a0p.m. Submit a mandate or request more information: info@teleressources.com Send us your resume: emplois@teleressources.com Submit a timesheet: [&hellip;]<\/p>\n","protected":false},"author":4,"featured_media":0,"parent":0,"menu_order":0,"comment_status":"closed","ping_status":"closed","template":"","meta":{"_monsterinsights_skip_tracking":false,"_monsterinsights_sitenote_active":false,"_monsterinsights_sitenote_note":"","_monsterinsights_sitenote_category":0,"footnotes":""},"yoast_head":"<!-- This site is optimized with the Yoast SEO plugin v21.1 - https:\/\/yoast.com\/wordpress\/plugins\/seo\/ -->\n<title>Contact Us for Employment Services &ndash; T\u00e9l\u00e9-Ressources<\/title>\n<meta name=\"description\" content=\"Have questions about employment or staffing? Contact us today! Submit your CV or inquire about job opportunities. We&#039;re here to help!\" \/>\n<meta name=\"robots\" content=\"index, follow, max-snippet:-1, max-image-preview:large, max-video-preview:-1\" \/>\n<link rel=\"canonical\" href=\"https:\/\/www.teleressources.com\/en\/contact\/\" \/>\n<meta property=\"og:locale\" content=\"en_US\" \/>\n<meta property=\"og:type\" content=\"article\" \/>\n<meta property=\"og:title\" content=\"Contact Us for Employment Services\" \/>\n<meta property=\"og:description\" content=\"Discover job opportunities in Montreal and throughout Quebec!\" \/>\n<meta property=\"og:url\" content=\"https:\/\/www.teleressources.com\/en\/contact\/\" \/>\n<meta property=\"og:site_name\" content=\"T\u00e9l\u00e9-Ressources\" \/>\n<meta property=\"article:modified_time\" content=\"2025-07-15T19:16:20+00:00\" \/>\n<meta property=\"og:image\" content=\"https:\/\/www.teleressources.com\/wp-content\/uploads\/2023\/08\/tr_logo_1200x630_no_tagline@2x.png\" \/>\n\t<meta property=\"og:image:width\" content=\"2400\" \/>\n\t<meta property=\"og:image:height\" content=\"1260\" \/>\n\t<meta property=\"og:image:type\" content=\"image\/png\" \/>\n<meta name=\"twitter:card\" content=\"summary_large_image\" \/>\n<meta name=\"twitter:title\" content=\"&ndash; T\u00e9l\u00e9-Ressources\" \/>\n<meta name=\"twitter:description\" content=\"Have questions about employment or staffing? Contact us today! Submit your CV or inquire about job opportunities. We&#039;re here to help!\" \/>\n<meta name=\"twitter:image\" content=\"https:\/\/www.teleressources.com\/wp-content\/uploads\/2023\/08\/tr_logo_1200x630_no_tagline@2x.png\" \/>\n<meta name=\"twitter:site\" content=\"@teleressources\" \/>\n<script type=\"application\/ld+json\" class=\"yoast-schema-graph\">{\"@context\":\"https:\/\/schema.org\",\"@graph\":[{\"@type\":\"WebPage\",\"@id\":\"https:\/\/www.teleressources.com\/en\/contact\/\",\"url\":\"https:\/\/www.teleressources.com\/en\/contact\/\",\"name\":\"Contact Us for Employment Services\",\"isPartOf\":{\"@id\":\"https:\/\/www.teleressources.com\/en\/#website\"},\"datePublished\":\"2014-03-17T14:45:15+00:00\",\"dateModified\":\"2025-07-15T19:16:20+00:00\",\"description\":\"Have questions about employment or staffing? Contact us today! Submit your CV or inquire about job opportunities. We're here to help!\",\"breadcrumb\":{\"@id\":\"https:\/\/www.teleressources.com\/en\/contact\/#breadcrumb\"},\"inLanguage\":\"en-US\",\"potentialAction\":[{\"@type\":\"ReadAction\",\"target\":[\"https:\/\/www.teleressources.com\/en\/contact\/\"]}]},{\"@type\":\"BreadcrumbList\",\"@id\":\"https:\/\/www.teleressources.com\/en\/contact\/#breadcrumb\",\"itemListElement\":[{\"@type\":\"ListItem\",\"position\":1,\"name\":\"Home\",\"item\":\"https:\/\/www.teleressources.com\/en\/\"},{\"@type\":\"ListItem\",\"position\":2,\"name\":\"CONTACT\"}]},{\"@type\":\"WebSite\",\"@id\":\"https:\/\/www.teleressources.com\/en\/#website\",\"url\":\"https:\/\/www.teleressources.com\/en\/\",\"name\":\"T\u00e9l\u00e9-Ressources\",\"description\":\"Offres d&#039;emploi au Qu\u00e9bec et \u00e0 Montr\u00e9al\",\"publisher\":{\"@id\":\"https:\/\/www.teleressources.com\/en\/#organization\"},\"potentialAction\":[{\"@type\":\"SearchAction\",\"target\":{\"@type\":\"EntryPoint\",\"urlTemplate\":\"https:\/\/www.teleressources.com\/en\/?s={search_term_string}\"},\"query-input\":\"required name=search_term_string\"}],\"inLanguage\":\"en-US\"},{\"@type\":\"Organization\",\"@id\":\"https:\/\/www.teleressources.com\/en\/#organization\",\"name\":\"T\u00e9l\u00e9-Ressources\",\"url\":\"https:\/\/www.teleressources.com\/en\/\",\"logo\":{\"@type\":\"ImageObject\",\"inLanguage\":\"en-US\",\"@id\":\"https:\/\/www.teleressources.com\/en\/#\/schema\/logo\/image\/\",\"url\":\"https:\/\/www.teleressources.com\/wp-content\/uploads\/2014\/05\/Vrt-Couleur-High-No-Slogan-JPG.jpg\",\"contentUrl\":\"https:\/\/www.teleressources.com\/wp-content\/uploads\/2014\/05\/Vrt-Couleur-High-No-Slogan-JPG.jpg\",\"width\":1200,\"height\":1200,\"caption\":\"T\u00e9l\u00e9-Ressources\"},\"image\":{\"@id\":\"https:\/\/www.teleressources.com\/en\/#\/schema\/logo\/image\/\"}}]}<\/script>\n<!-- \/ Yoast SEO plugin. -->","yoast_head_json":{"title":"Contact Us for Employment Services &ndash; T\u00e9l\u00e9-Ressources","description":"Have questions about employment or staffing? Contact us today! Submit your CV or inquire about job opportunities. We're here to help!","robots":{"index":"index","follow":"follow","max-snippet":"max-snippet:-1","max-image-preview":"max-image-preview:large","max-video-preview":"max-video-preview:-1"},"canonical":"https:\/\/www.teleressources.com\/en\/contact\/","og_locale":"en_US","og_type":"article","og_title":"Contact Us for Employment Services","og_description":"Discover job opportunities in Montreal and throughout Quebec!","og_url":"https:\/\/www.teleressources.com\/en\/contact\/","og_site_name":"T\u00e9l\u00e9-Ressources","article_modified_time":"2025-07-15T19:16:20+00:00","og_image":[{"width":2400,"height":1260,"url":"https:\/\/www.teleressources.com\/wp-content\/uploads\/2023\/08\/tr_logo_1200x630_no_tagline@2x.png","type":"image\/png"}],"twitter_card":"summary_large_image","twitter_title":"&ndash; T\u00e9l\u00e9-Ressources","twitter_description":"Have questions about employment or staffing? Contact us today! Submit your CV or inquire about job opportunities. We're here to help!","twitter_image":"https:\/\/www.teleressources.com\/wp-content\/uploads\/2023\/08\/tr_logo_1200x630_no_tagline@2x.png","twitter_site":"@teleressources","schema":{"@context":"https:\/\/schema.org","@graph":[{"@type":"WebPage","@id":"https:\/\/www.teleressources.com\/en\/contact\/","url":"https:\/\/www.teleressources.com\/en\/contact\/","name":"Contact Us for Employment Services","isPartOf":{"@id":"https:\/\/www.teleressources.com\/en\/#website"},"datePublished":"2014-03-17T14:45:15+00:00","dateModified":"2025-07-15T19:16:20+00:00","description":"Have questions about employment or staffing? Contact us today! Submit your CV or inquire about job opportunities. We're here to help!","breadcrumb":{"@id":"https:\/\/www.teleressources.com\/en\/contact\/#breadcrumb"},"inLanguage":"en-US","potentialAction":[{"@type":"ReadAction","target":["https:\/\/www.teleressources.com\/en\/contact\/"]}]},{"@type":"BreadcrumbList","@id":"https:\/\/www.teleressources.com\/en\/contact\/#breadcrumb","itemListElement":[{"@type":"ListItem","position":1,"name":"Home","item":"https:\/\/www.teleressources.com\/en\/"},{"@type":"ListItem","position":2,"name":"CONTACT"}]},{"@type":"WebSite","@id":"https:\/\/www.teleressources.com\/en\/#website","url":"https:\/\/www.teleressources.com\/en\/","name":"T\u00e9l\u00e9-Ressources","description":"Offres d&#039;emploi au Qu\u00e9bec et \u00e0 Montr\u00e9al","publisher":{"@id":"https:\/\/www.teleressources.com\/en\/#organization"},"potentialAction":[{"@type":"SearchAction","target":{"@type":"EntryPoint","urlTemplate":"https:\/\/www.teleressources.com\/en\/?s={search_term_string}"},"query-input":"required name=search_term_string"}],"inLanguage":"en-US"},{"@type":"Organization","@id":"https:\/\/www.teleressources.com\/en\/#organization","name":"T\u00e9l\u00e9-Ressources","url":"https:\/\/www.teleressources.com\/en\/","logo":{"@type":"ImageObject","inLanguage":"en-US","@id":"https:\/\/www.teleressources.com\/en\/#\/schema\/logo\/image\/","url":"https:\/\/www.teleressources.com\/wp-content\/uploads\/2014\/05\/Vrt-Couleur-High-No-Slogan-JPG.jpg","contentUrl":"https:\/\/www.teleressources.com\/wp-content\/uploads\/2014\/05\/Vrt-Couleur-High-No-Slogan-JPG.jpg","width":1200,"height":1200,"caption":"T\u00e9l\u00e9-Ressources"},"image":{"@id":"https:\/\/www.teleressources.com\/en\/#\/schema\/logo\/image\/"}}]}},"_links":{"self":[{"href":"https:\/\/www.teleressources.com\/en\/wp-json\/wp\/v2\/pages\/569"}],"collection":[{"href":"https:\/\/www.teleressources.com\/en\/wp-json\/wp\/v2\/pages"}],"about":[{"href":"https:\/\/www.teleressources.com\/en\/wp-json\/wp\/v2\/types\/page"}],"author":[{"embeddable":true,"href":"https:\/\/www.teleressources.com\/en\/wp-json\/wp\/v2\/users\/4"}],"replies":[{"embeddable":true,"href":"https:\/\/www.teleressources.com\/en\/wp-json\/wp\/v2\/comments?post=569"}],"version-history":[{"count":18,"href":"https:\/\/www.teleressources.com\/en\/wp-json\/wp\/v2\/pages\/569\/revisions"}],"predecessor-version":[{"id":27504,"href":"https:\/\/www.teleressources.com\/en\/wp-json\/wp\/v2\/pages\/569\/revisions\/27504"}],"wp:attachment":[{"href":"https:\/\/www.teleressources.com\/en\/wp-json\/wp\/v2\/media?parent=569"}],"curies":[{"name":"wp","href":"https:\/\/api.w.org\/{rel}","templated":true}]}}