{"id":586,"date":"2014-03-18T00:19:06","date_gmt":"2014-03-18T00:19:06","guid":{"rendered":"http:\/\/teleressources.nerdstudio.com\/?page_id=586"},"modified":"2023-11-17T14:24:17","modified_gmt":"2023-11-17T19:24:17","slug":"terms-and-conditions-of-use","status":"publish","type":"page","link":"https:\/\/www.teleressources.com\/en\/terms-and-conditions-of-use\/","title":{"rendered":"TERMS AND CONDITIONS OF USE"},"content":{"rendered":"<p><em>Last Updated: November 9, 2023<\/em><\/p>\n<p>These <strong>Website Standard Terms and Conditions<\/strong> (referred to as \u201cTerms\u201d) govern your use of this website, including all pages within this website (collectively referred to as \u201cthis Website\u201d). By using this Website, you expressly accept all terms and conditions contained herein in full. If you have any objection to any of these Website Standard Terms and Conditions, please refrain from using this Website.<\/p>\n<p><strong>1. Introduction<\/strong><\/p>\n<p>This Website is intended for use by individuals who are at least 18 years of age. Minors are not permitted to use this Website.<\/p>\n<p><strong>2. Intellectual Property Rights<\/strong><\/p>\n<p>Other than content owned by T\u00e9l\u00e9-Ressources, which may be included on this Website, under these Terms, T\u00e9l\u00e9-Ressources and\/or its licensors own all rights to the intellectual property and material contained in this Website. You are granted a limited license only, subject to the restrictions provided in these Terms, for purposes of viewing the material contained on this Website.<\/p>\n<p><strong>3. Restrictions<\/strong><\/p>\n<p>You are expressly and emphatically restricted from:<\/p>\n<ul>\n<li>Publishing any Website material in any media.<\/li>\n<li>Selling, sublicensing, or otherwise commercializing any Website material.<\/li>\n<li>Publicly performing or showing any Website material.<\/li>\n<li>Using this Website in any way that is, or may be, damaging to this Website.<\/li>\n<li>Using this Website contrary to applicable laws and regulations.<\/li>\n<li>Engaging in data mining, data harvesting, or any other similar activity in relation to this Website.<\/li>\n<li>Using this Website for advertising or marketing purposes.<\/li>\n<li>Certain areas of this Website may be restricted from access, and any user ID and password you may have for this Website are confidential.<\/li>\n<\/ul>\n<p><strong>4. Website Content<\/strong><\/p>\n<p>The content on this Website, including text, images, and other material, is provided for informational purposes only. Users cannot publish or contribute any content to this Website.<\/p>\n<p><strong>5. Disclaimer<\/strong><\/p>\n<p>This Website and its content are provided \u201cas is,\u201d and T\u00e9l\u00e9-Ressources makes no representations or warranties of any kind, express or implied. Use this Website at your own risk.<br \/>\n<\/br><br \/>\n<\/br><\/p>\n","protected":false},"excerpt":{"rendered":"<p>Last Updated: November 9, 2023 These Website Standard Terms and Conditions (referred to as \u201cTerms\u201d) govern your use of this website, including all pages within this website (collectively referred to as \u201cthis Website\u201d). By using this Website, you expressly accept all terms and conditions contained herein in full. If you have any objection to any [&hellip;]<\/p>\n","protected":false},"author":4,"featured_media":0,"parent":0,"menu_order":0,"comment_status":"closed","ping_status":"closed","template":"","meta":{"_monsterinsights_skip_tracking":false,"_monsterinsights_sitenote_active":false,"_monsterinsights_sitenote_note":"","_monsterinsights_sitenote_category":0,"footnotes":""},"yoast_head":"<!-- This site is optimized with the Yoast SEO plugin v21.1 - https:\/\/yoast.com\/wordpress\/plugins\/seo\/ -->\n<title>TERMS AND CONDITIONS OF USE &ndash; T\u00e9l\u00e9-Ressources<\/title>\n<meta name=\"description\" content=\"T\u00e9l\u00e9-ressources reserves the right to revise the terms and conditions of use at any time, simply by updating this website\" \/>\n<meta name=\"robots\" content=\"index, follow, max-snippet:-1, max-image-preview:large, max-video-preview:-1\" \/>\n<link rel=\"canonical\" href=\"https:\/\/www.teleressources.com\/en\/terms-and-conditions-of-use\/\" \/>\n<meta property=\"og:locale\" content=\"en_US\" \/>\n<meta property=\"og:type\" content=\"article\" \/>\n<meta property=\"og:title\" content=\"TERMS AND CONDITIONS OF USE\" \/>\n<meta property=\"og:description\" content=\"Discover job opportunities in Montreal and throughout Quebec!\" \/>\n<meta property=\"og:url\" content=\"https:\/\/www.teleressources.com\/en\/terms-and-conditions-of-use\/\" \/>\n<meta property=\"og:site_name\" content=\"T\u00e9l\u00e9-Ressources\" \/>\n<meta property=\"article:modified_time\" content=\"2023-11-17T19:24:17+00:00\" \/>\n<meta property=\"og:image\" content=\"https:\/\/www.teleressources.com\/wp-content\/uploads\/2023\/08\/tr_logo_1200x630_no_tagline@2x.png\" \/>\n\t<meta property=\"og:image:width\" content=\"2400\" \/>\n\t<meta property=\"og:image:height\" content=\"1260\" \/>\n\t<meta property=\"og:image:type\" content=\"image\/png\" \/>\n<meta name=\"twitter:card\" content=\"summary_large_image\" \/>\n<meta name=\"twitter:title\" content=\"&ndash; T\u00e9l\u00e9-Ressources\" \/>\n<meta name=\"twitter:description\" content=\"T\u00e9l\u00e9-ressources reserves the right to revise the terms and conditions of use at any time, simply by updating this website\" \/>\n<meta name=\"twitter:image\" content=\"https:\/\/www.teleressources.com\/wp-content\/uploads\/2023\/08\/tr_logo_1200x630_no_tagline@2x.png\" \/>\n<meta name=\"twitter:site\" content=\"@teleressources\" \/>\n<meta name=\"twitter:label1\" content=\"Est. reading time\" \/>\n\t<meta name=\"twitter:data1\" content=\"2 minutes\" \/>\n<script type=\"application\/ld+json\" class=\"yoast-schema-graph\">{\"@context\":\"https:\/\/schema.org\",\"@graph\":[{\"@type\":\"WebPage\",\"@id\":\"https:\/\/www.teleressources.com\/en\/terms-and-conditions-of-use\/\",\"url\":\"https:\/\/www.teleressources.com\/en\/terms-and-conditions-of-use\/\",\"name\":\"TERMS AND CONDITIONS OF USE\",\"isPartOf\":{\"@id\":\"https:\/\/www.teleressources.com\/en\/#website\"},\"datePublished\":\"2014-03-18T00:19:06+00:00\",\"dateModified\":\"2023-11-17T19:24:17+00:00\",\"description\":\"T\u00e9l\u00e9-ressources reserves the right to revise the terms and conditions of use at any time, simply by updating this website\",\"breadcrumb\":{\"@id\":\"https:\/\/www.teleressources.com\/en\/terms-and-conditions-of-use\/#breadcrumb\"},\"inLanguage\":\"en-US\",\"potentialAction\":[{\"@type\":\"ReadAction\",\"target\":[\"https:\/\/www.teleressources.com\/en\/terms-and-conditions-of-use\/\"]}]},{\"@type\":\"BreadcrumbList\",\"@id\":\"https:\/\/www.teleressources.com\/en\/terms-and-conditions-of-use\/#breadcrumb\",\"itemListElement\":[{\"@type\":\"ListItem\",\"position\":1,\"name\":\"Home\",\"item\":\"https:\/\/www.teleressources.com\/en\/\"},{\"@type\":\"ListItem\",\"position\":2,\"name\":\"TERMS AND CONDITIONS OF USE\"}]},{\"@type\":\"WebSite\",\"@id\":\"https:\/\/www.teleressources.com\/en\/#website\",\"url\":\"https:\/\/www.teleressources.com\/en\/\",\"name\":\"T\u00e9l\u00e9-Ressources\",\"description\":\"Offres d&#039;emploi au Qu\u00e9bec et \u00e0 Montr\u00e9al\",\"publisher\":{\"@id\":\"https:\/\/www.teleressources.com\/en\/#organization\"},\"potentialAction\":[{\"@type\":\"SearchAction\",\"target\":{\"@type\":\"EntryPoint\",\"urlTemplate\":\"https:\/\/www.teleressources.com\/en\/?s={search_term_string}\"},\"query-input\":\"required name=search_term_string\"}],\"inLanguage\":\"en-US\"},{\"@type\":\"Organization\",\"@id\":\"https:\/\/www.teleressources.com\/en\/#organization\",\"name\":\"T\u00e9l\u00e9-Ressources\",\"url\":\"https:\/\/www.teleressources.com\/en\/\",\"logo\":{\"@type\":\"ImageObject\",\"inLanguage\":\"en-US\",\"@id\":\"https:\/\/www.teleressources.com\/en\/#\/schema\/logo\/image\/\",\"url\":\"https:\/\/www.teleressources.com\/wp-content\/uploads\/2014\/05\/Vrt-Couleur-High-No-Slogan-JPG.jpg\",\"contentUrl\":\"https:\/\/www.teleressources.com\/wp-content\/uploads\/2014\/05\/Vrt-Couleur-High-No-Slogan-JPG.jpg\",\"width\":1200,\"height\":1200,\"caption\":\"T\u00e9l\u00e9-Ressources\"},\"image\":{\"@id\":\"https:\/\/www.teleressources.com\/en\/#\/schema\/logo\/image\/\"}}]}<\/script>\n<!-- \/ Yoast SEO plugin. -->","yoast_head_json":{"title":"TERMS AND CONDITIONS OF USE &ndash; T\u00e9l\u00e9-Ressources","description":"T\u00e9l\u00e9-ressources reserves the right to revise the terms and conditions of use at any time, simply by updating this website","robots":{"index":"index","follow":"follow","max-snippet":"max-snippet:-1","max-image-preview":"max-image-preview:large","max-video-preview":"max-video-preview:-1"},"canonical":"https:\/\/www.teleressources.com\/en\/terms-and-conditions-of-use\/","og_locale":"en_US","og_type":"article","og_title":"TERMS AND CONDITIONS OF USE","og_description":"Discover job opportunities in Montreal and throughout Quebec!","og_url":"https:\/\/www.teleressources.com\/en\/terms-and-conditions-of-use\/","og_site_name":"T\u00e9l\u00e9-Ressources","article_modified_time":"2023-11-17T19:24:17+00:00","og_image":[{"width":2400,"height":1260,"url":"https:\/\/www.teleressources.com\/wp-content\/uploads\/2023\/08\/tr_logo_1200x630_no_tagline@2x.png","type":"image\/png"}],"twitter_card":"summary_large_image","twitter_title":"&ndash; T\u00e9l\u00e9-Ressources","twitter_description":"T\u00e9l\u00e9-ressources reserves the right to revise the terms and conditions of use at any time, simply by updating this website","twitter_image":"https:\/\/www.teleressources.com\/wp-content\/uploads\/2023\/08\/tr_logo_1200x630_no_tagline@2x.png","twitter_site":"@teleressources","twitter_misc":{"Est. reading time":"2 minutes"},"schema":{"@context":"https:\/\/schema.org","@graph":[{"@type":"WebPage","@id":"https:\/\/www.teleressources.com\/en\/terms-and-conditions-of-use\/","url":"https:\/\/www.teleressources.com\/en\/terms-and-conditions-of-use\/","name":"TERMS AND CONDITIONS OF USE","isPartOf":{"@id":"https:\/\/www.teleressources.com\/en\/#website"},"datePublished":"2014-03-18T00:19:06+00:00","dateModified":"2023-11-17T19:24:17+00:00","description":"T\u00e9l\u00e9-ressources reserves the right to revise the terms and conditions of use at any time, simply by updating this website","breadcrumb":{"@id":"https:\/\/www.teleressources.com\/en\/terms-and-conditions-of-use\/#breadcrumb"},"inLanguage":"en-US","potentialAction":[{"@type":"ReadAction","target":["https:\/\/www.teleressources.com\/en\/terms-and-conditions-of-use\/"]}]},{"@type":"BreadcrumbList","@id":"https:\/\/www.teleressources.com\/en\/terms-and-conditions-of-use\/#breadcrumb","itemListElement":[{"@type":"ListItem","position":1,"name":"Home","item":"https:\/\/www.teleressources.com\/en\/"},{"@type":"ListItem","position":2,"name":"TERMS AND CONDITIONS OF USE"}]},{"@type":"WebSite","@id":"https:\/\/www.teleressources.com\/en\/#website","url":"https:\/\/www.teleressources.com\/en\/","name":"T\u00e9l\u00e9-Ressources","description":"Offres d&#039;emploi au Qu\u00e9bec et \u00e0 Montr\u00e9al","publisher":{"@id":"https:\/\/www.teleressources.com\/en\/#organization"},"potentialAction":[{"@type":"SearchAction","target":{"@type":"EntryPoint","urlTemplate":"https:\/\/www.teleressources.com\/en\/?s={search_term_string}"},"query-input":"required name=search_term_string"}],"inLanguage":"en-US"},{"@type":"Organization","@id":"https:\/\/www.teleressources.com\/en\/#organization","name":"T\u00e9l\u00e9-Ressources","url":"https:\/\/www.teleressources.com\/en\/","logo":{"@type":"ImageObject","inLanguage":"en-US","@id":"https:\/\/www.teleressources.com\/en\/#\/schema\/logo\/image\/","url":"https:\/\/www.teleressources.com\/wp-content\/uploads\/2014\/05\/Vrt-Couleur-High-No-Slogan-JPG.jpg","contentUrl":"https:\/\/www.teleressources.com\/wp-content\/uploads\/2014\/05\/Vrt-Couleur-High-No-Slogan-JPG.jpg","width":1200,"height":1200,"caption":"T\u00e9l\u00e9-Ressources"},"image":{"@id":"https:\/\/www.teleressources.com\/en\/#\/schema\/logo\/image\/"}}]}},"_links":{"self":[{"href":"https:\/\/www.teleressources.com\/en\/wp-json\/wp\/v2\/pages\/586"}],"collection":[{"href":"https:\/\/www.teleressources.com\/en\/wp-json\/wp\/v2\/pages"}],"about":[{"href":"https:\/\/www.teleressources.com\/en\/wp-json\/wp\/v2\/types\/page"}],"author":[{"embeddable":true,"href":"https:\/\/www.teleressources.com\/en\/wp-json\/wp\/v2\/users\/4"}],"replies":[{"embeddable":true,"href":"https:\/\/www.teleressources.com\/en\/wp-json\/wp\/v2\/comments?post=586"}],"version-history":[{"count":3,"href":"https:\/\/www.teleressources.com\/en\/wp-json\/wp\/v2\/pages\/586\/revisions"}],"predecessor-version":[{"id":26981,"href":"https:\/\/www.teleressources.com\/en\/wp-json\/wp\/v2\/pages\/586\/revisions\/26981"}],"wp:attachment":[{"href":"https:\/\/www.teleressources.com\/en\/wp-json\/wp\/v2\/media?parent=586"}],"curies":[{"name":"wp","href":"https:\/\/api.w.org\/{rel}","templated":true}]}}