{"id":715,"date":"2014-04-01T18:39:53","date_gmt":"2014-04-01T18:39:53","guid":{"rendered":"http:\/\/teleressources.nerdstudio.com\/?page_id=715"},"modified":"2025-10-21T14:30:49","modified_gmt":"2025-10-21T18:30:49","slug":"business","status":"publish","type":"page","link":"https:\/\/www.teleressources.com\/en\/business\/","title":{"rendered":"BUSINESS"},"content":{"rendered":"<div><a href=\"https:\/\/www.teleressources.com\/wp-content\/uploads\/2014\/03\/photo-entreprise.jpg\"><img decoding=\"async\" loading=\"lazy\" width=\"620\" height=\"240\" class=\"alignnone  wp-image-10973\" src=\"https:\/\/www.teleressources.com\/wp-content\/uploads\/2014\/03\/photo-entreprise.jpg\" alt=\"T\u00e9l\u00e9-Ressources found jobs for more than 125,000 candidates.\" srcset=\"https:\/\/www.teleressources.com\/wp-content\/uploads\/2014\/03\/photo-entreprise.jpg 620w, https:\/\/www.teleressources.com\/wp-content\/uploads\/2014\/03\/photo-entreprise-300x116.jpg 300w\" sizes=\"(max-width: 620px) 100vw, 620px\" \/><\/a><b><\/b><\/div>\n<div>\n<h2>Searching for the Right Employee?<\/h2>\n<p>Whether you\u2019re hiring for a full-time position or need temporary staffing, T\u00e9l\u00e9-Ressources is your trusted recruitment agency in Montreal.<\/p>\n<p>Our experienced team of staffing and HR professionals specializes in temporary and permanent placement services, connecting top talent with employers across Quebec.<\/p>\n<p>With over 40 years of experience and more than 250 satisfied clients, we\u2019ve successfully placed over 125,000 candidates in roles that drive business growth<\/p>\n<p>Partner with T\u00e9l\u00e9-Ressources for personalized staffing solutions, reliable recruitment services, and a proven process that helps your company find the right fit, every time.<\/p>\n<h2>Precision and Integrity<\/h2>\n<p>As a member of the Association of Canadian Search, Employment and Staffing Services (<a href=\"https:\/\/acsess.org\/\" rel=\"noopener\" target=\"_blank\">ACSESS<\/a>), we are committed to upholding the highest standards of ethics and professionalism in our dealing with clients, candidates and employees. Our ACSESS membership is a testament of our commitment to confidentiality and ethical practices.<\/p>\n<h2>Outsourcing: The Art of Delegation<\/h2>\n<p>Maximize your productivity and reduce HR workloads by partnering with T\u00e9l\u00e9-Ressources for your employment needs. Let our team of experts provide customized human resources outsourcing solutions that optimize efficiency while maintaining full compliance with employment standards. Our comprehensive HR outsourcing services include:<\/p>\n<ul>\n<li>Job postings<\/li>\n<li>Resume\/CV management<\/li>\n<li>Telephone interviews<\/li>\n<li>Face to face job interviews<\/li>\n<li>Administration of tests<\/li>\n<li>Credit and criminal record background checks<\/li>\n<li>Professional reference checks<\/li>\n<li>Drafting of job interview questions<\/li>\n<li>Coordination of medical checkup appointments<\/li>\n<li>Management of payroll and benefits<\/li>\n<li>And much more<\/li>\n<\/ul>\n<h2>Simplicity and Great Performance<\/h2>\n<p>Our team of highly skilled talent acquisition consultants are dedicated to providing courteous, efficient and quick service while utilizing our extensive database of qualified and motivated candidates. By entrusting us with your recruitment needs, we can help you <strong>reduce your cost per hire<\/strong> and simplify the job vacancy filling process for you, leaving you free to focus on your business.<\/p>\n<h2>Business Sectors<\/h2>\n<div class=\"one_half\">\n<ul>\n<li>Accounting and Finance<\/li>\n<li>Administrative Support<\/li>\n<li>Call Centers<\/li>\n<li>Customer Service<\/li>\n<li>Engineering<\/li>\n<li>Executives and Professionals<\/li>\n<li>Human Resources<\/li>\n<\/ul>\n<\/div>\n<div class=\"one_half last\">\n<ul>\n<li>Industrial and Skilled Trades<\/li>\n<li>Information Technology<\/li>\n<li>Insurance and Financial Services<\/li>\n<li>Legal Profession<\/li>\n<li>Retail<\/li>\n<li>Sales<\/li>\n<\/ul>\n<\/div>\n<div class=\"clearboth\"><\/div>\n<div class=\"friendly_button friendly_button_small friendly_button_red friendly_button_round friendly_button_left\"><a href=\"https:\/\/www.teleressources.com\/en\/contact\/\">Contact us now!<\/a><\/div>\n<p><\/br><br \/>\n&nbsp;<br \/>\n<\/br><\/p>\n<\/div>\n","protected":false},"excerpt":{"rendered":"<p>Searching for the Right Employee? Whether you\u2019re hiring for a full-time position or need temporary staffing, T\u00e9l\u00e9-Ressources is your trusted recruitment agency in Montreal. Our experienced team of staffing and HR professionals specializes in temporary and permanent placement services, connecting top talent with employers across Quebec. With over 40 years of experience and more than [&hellip;]<\/p>\n","protected":false},"author":4,"featured_media":0,"parent":0,"menu_order":0,"comment_status":"closed","ping_status":"closed","template":"","meta":{"_monsterinsights_skip_tracking":false,"_monsterinsights_sitenote_active":false,"_monsterinsights_sitenote_note":"","_monsterinsights_sitenote_category":0,"footnotes":""},"yoast_head":"<!-- This site is optimized with the Yoast SEO plugin v21.1 - https:\/\/yoast.com\/wordpress\/plugins\/seo\/ -->\n<title>Staffing Services for Businesses &ndash; T\u00e9l\u00e9-Ressources<\/title>\n<meta name=\"description\" content=\"With 125,000+ placements, T\u00e9l\u00e9-Ressources in Montreal excels in recruitment and staffing. Trust our experts to handle your hiring needs efficiently.\" \/>\n<meta name=\"robots\" content=\"index, follow, max-snippet:-1, max-image-preview:large, max-video-preview:-1\" \/>\n<link rel=\"canonical\" href=\"https:\/\/www.teleressources.com\/en\/business\/\" \/>\n<meta property=\"og:locale\" content=\"en_US\" \/>\n<meta property=\"og:type\" content=\"article\" \/>\n<meta property=\"og:title\" content=\"Staffing Services for Businesses\" \/>\n<meta property=\"og:description\" content=\"Discover job opportunities in Montreal and throughout Quebec!\" \/>\n<meta property=\"og:url\" content=\"https:\/\/www.teleressources.com\/en\/business\/\" \/>\n<meta property=\"og:site_name\" content=\"T\u00e9l\u00e9-Ressources\" \/>\n<meta property=\"article:modified_time\" content=\"2025-10-21T18:30:49+00:00\" \/>\n<meta property=\"og:image\" content=\"https:\/\/www.teleressources.com\/wp-content\/uploads\/2014\/03\/photo-entreprise.jpg\" \/>\n<meta name=\"twitter:card\" content=\"summary_large_image\" \/>\n<meta name=\"twitter:title\" content=\"&ndash; T\u00e9l\u00e9-Ressources\" \/>\n<meta name=\"twitter:description\" content=\"With 125,000+ placements, T\u00e9l\u00e9-Ressources in Montreal excels in recruitment and staffing. Trust our experts to handle your hiring needs efficiently.\" \/>\n<meta name=\"twitter:image\" content=\"https:\/\/www.teleressources.com\/wp-content\/uploads\/2023\/08\/tr_logo_1200x630_no_tagline@2x.png\" \/>\n<meta name=\"twitter:site\" content=\"@teleressources\" \/>\n<meta name=\"twitter:label1\" content=\"Est. reading time\" \/>\n\t<meta name=\"twitter:data1\" content=\"2 minutes\" \/>\n<script type=\"application\/ld+json\" class=\"yoast-schema-graph\">{\"@context\":\"https:\/\/schema.org\",\"@graph\":[{\"@type\":\"WebPage\",\"@id\":\"https:\/\/www.teleressources.com\/en\/business\/\",\"url\":\"https:\/\/www.teleressources.com\/en\/business\/\",\"name\":\"Staffing Services for Businesses\",\"isPartOf\":{\"@id\":\"https:\/\/www.teleressources.com\/en\/#website\"},\"datePublished\":\"2014-04-01T18:39:53+00:00\",\"dateModified\":\"2025-10-21T18:30:49+00:00\",\"description\":\"With 125,000+ placements, T\u00e9l\u00e9-Ressources in Montreal excels in recruitment and staffing. Trust our experts to handle your hiring needs efficiently.\",\"breadcrumb\":{\"@id\":\"https:\/\/www.teleressources.com\/en\/business\/#breadcrumb\"},\"inLanguage\":\"en-US\",\"potentialAction\":[{\"@type\":\"ReadAction\",\"target\":[\"https:\/\/www.teleressources.com\/en\/business\/\"]}]},{\"@type\":\"BreadcrumbList\",\"@id\":\"https:\/\/www.teleressources.com\/en\/business\/#breadcrumb\",\"itemListElement\":[{\"@type\":\"ListItem\",\"position\":1,\"name\":\"Home\",\"item\":\"https:\/\/www.teleressources.com\/en\/\"},{\"@type\":\"ListItem\",\"position\":2,\"name\":\"BUSINESS\"}]},{\"@type\":\"WebSite\",\"@id\":\"https:\/\/www.teleressources.com\/en\/#website\",\"url\":\"https:\/\/www.teleressources.com\/en\/\",\"name\":\"T\u00e9l\u00e9-Ressources\",\"description\":\"Offres d&#039;emploi au Qu\u00e9bec et \u00e0 Montr\u00e9al\",\"publisher\":{\"@id\":\"https:\/\/www.teleressources.com\/en\/#organization\"},\"potentialAction\":[{\"@type\":\"SearchAction\",\"target\":{\"@type\":\"EntryPoint\",\"urlTemplate\":\"https:\/\/www.teleressources.com\/en\/?s={search_term_string}\"},\"query-input\":\"required name=search_term_string\"}],\"inLanguage\":\"en-US\"},{\"@type\":\"Organization\",\"@id\":\"https:\/\/www.teleressources.com\/en\/#organization\",\"name\":\"T\u00e9l\u00e9-Ressources\",\"url\":\"https:\/\/www.teleressources.com\/en\/\",\"logo\":{\"@type\":\"ImageObject\",\"inLanguage\":\"en-US\",\"@id\":\"https:\/\/www.teleressources.com\/en\/#\/schema\/logo\/image\/\",\"url\":\"https:\/\/www.teleressources.com\/wp-content\/uploads\/2014\/05\/Vrt-Couleur-High-No-Slogan-JPG.jpg\",\"contentUrl\":\"https:\/\/www.teleressources.com\/wp-content\/uploads\/2014\/05\/Vrt-Couleur-High-No-Slogan-JPG.jpg\",\"width\":1200,\"height\":1200,\"caption\":\"T\u00e9l\u00e9-Ressources\"},\"image\":{\"@id\":\"https:\/\/www.teleressources.com\/en\/#\/schema\/logo\/image\/\"}}]}<\/script>\n<!-- \/ Yoast SEO plugin. -->","yoast_head_json":{"title":"Staffing Services for Businesses &ndash; T\u00e9l\u00e9-Ressources","description":"With 125,000+ placements, T\u00e9l\u00e9-Ressources in Montreal excels in recruitment and staffing. Trust our experts to handle your hiring needs efficiently.","robots":{"index":"index","follow":"follow","max-snippet":"max-snippet:-1","max-image-preview":"max-image-preview:large","max-video-preview":"max-video-preview:-1"},"canonical":"https:\/\/www.teleressources.com\/en\/business\/","og_locale":"en_US","og_type":"article","og_title":"Staffing Services for Businesses","og_description":"Discover job opportunities in Montreal and throughout Quebec!","og_url":"https:\/\/www.teleressources.com\/en\/business\/","og_site_name":"T\u00e9l\u00e9-Ressources","article_modified_time":"2025-10-21T18:30:49+00:00","og_image":[{"url":"https:\/\/www.teleressources.com\/wp-content\/uploads\/2014\/03\/photo-entreprise.jpg"}],"twitter_card":"summary_large_image","twitter_title":"&ndash; T\u00e9l\u00e9-Ressources","twitter_description":"With 125,000+ placements, T\u00e9l\u00e9-Ressources in Montreal excels in recruitment and staffing. Trust our experts to handle your hiring needs efficiently.","twitter_image":"https:\/\/www.teleressources.com\/wp-content\/uploads\/2023\/08\/tr_logo_1200x630_no_tagline@2x.png","twitter_site":"@teleressources","twitter_misc":{"Est. reading time":"2 minutes"},"schema":{"@context":"https:\/\/schema.org","@graph":[{"@type":"WebPage","@id":"https:\/\/www.teleressources.com\/en\/business\/","url":"https:\/\/www.teleressources.com\/en\/business\/","name":"Staffing Services for Businesses","isPartOf":{"@id":"https:\/\/www.teleressources.com\/en\/#website"},"datePublished":"2014-04-01T18:39:53+00:00","dateModified":"2025-10-21T18:30:49+00:00","description":"With 125,000+ placements, T\u00e9l\u00e9-Ressources in Montreal excels in recruitment and staffing. Trust our experts to handle your hiring needs efficiently.","breadcrumb":{"@id":"https:\/\/www.teleressources.com\/en\/business\/#breadcrumb"},"inLanguage":"en-US","potentialAction":[{"@type":"ReadAction","target":["https:\/\/www.teleressources.com\/en\/business\/"]}]},{"@type":"BreadcrumbList","@id":"https:\/\/www.teleressources.com\/en\/business\/#breadcrumb","itemListElement":[{"@type":"ListItem","position":1,"name":"Home","item":"https:\/\/www.teleressources.com\/en\/"},{"@type":"ListItem","position":2,"name":"BUSINESS"}]},{"@type":"WebSite","@id":"https:\/\/www.teleressources.com\/en\/#website","url":"https:\/\/www.teleressources.com\/en\/","name":"T\u00e9l\u00e9-Ressources","description":"Offres d&#039;emploi au Qu\u00e9bec et \u00e0 Montr\u00e9al","publisher":{"@id":"https:\/\/www.teleressources.com\/en\/#organization"},"potentialAction":[{"@type":"SearchAction","target":{"@type":"EntryPoint","urlTemplate":"https:\/\/www.teleressources.com\/en\/?s={search_term_string}"},"query-input":"required name=search_term_string"}],"inLanguage":"en-US"},{"@type":"Organization","@id":"https:\/\/www.teleressources.com\/en\/#organization","name":"T\u00e9l\u00e9-Ressources","url":"https:\/\/www.teleressources.com\/en\/","logo":{"@type":"ImageObject","inLanguage":"en-US","@id":"https:\/\/www.teleressources.com\/en\/#\/schema\/logo\/image\/","url":"https:\/\/www.teleressources.com\/wp-content\/uploads\/2014\/05\/Vrt-Couleur-High-No-Slogan-JPG.jpg","contentUrl":"https:\/\/www.teleressources.com\/wp-content\/uploads\/2014\/05\/Vrt-Couleur-High-No-Slogan-JPG.jpg","width":1200,"height":1200,"caption":"T\u00e9l\u00e9-Ressources"},"image":{"@id":"https:\/\/www.teleressources.com\/en\/#\/schema\/logo\/image\/"}}]}},"_links":{"self":[{"href":"https:\/\/www.teleressources.com\/en\/wp-json\/wp\/v2\/pages\/715"}],"collection":[{"href":"https:\/\/www.teleressources.com\/en\/wp-json\/wp\/v2\/pages"}],"about":[{"href":"https:\/\/www.teleressources.com\/en\/wp-json\/wp\/v2\/types\/page"}],"author":[{"embeddable":true,"href":"https:\/\/www.teleressources.com\/en\/wp-json\/wp\/v2\/users\/4"}],"replies":[{"embeddable":true,"href":"https:\/\/www.teleressources.com\/en\/wp-json\/wp\/v2\/comments?post=715"}],"version-history":[{"count":18,"href":"https:\/\/www.teleressources.com\/en\/wp-json\/wp\/v2\/pages\/715\/revisions"}],"predecessor-version":[{"id":27584,"href":"https:\/\/www.teleressources.com\/en\/wp-json\/wp\/v2\/pages\/715\/revisions\/27584"}],"wp:attachment":[{"href":"https:\/\/www.teleressources.com\/en\/wp-json\/wp\/v2\/media?parent=715"}],"curies":[{"name":"wp","href":"https:\/\/api.w.org\/{rel}","templated":true}]}}