{"id":742,"date":"2014-04-01T20:22:19","date_gmt":"2014-04-01T20:22:19","guid":{"rendered":"http:\/\/teleressources.nerdstudio.com\/?page_id=742"},"modified":"2025-10-21T14:37:53","modified_gmt":"2025-10-21T18:37:53","slug":"outreach","status":"publish","type":"page","link":"https:\/\/www.teleressources.com\/en\/outreach\/","title":{"rendered":"OUTREACH"},"content":{"rendered":"<h2>Professional Associations<\/h2>\n<ul>\n<li>Member of <a href=\"https:\/\/acsess.org\/\" rel=\"noopener\" target=\"_blank\">l&#8217;Association nationale des entreprises en recrutement et placement de personnel <\/a>(ACSESS)<\/li>\n<li>Member of <a href=\"https:\/\/www.ccmm.ca\/\" rel=\"noopener\" target=\"_blank\">Chambre de commerce du Montr\u00e9al m\u00e9tropolitain<\/a><\/li>\n<li>Member of <a href=\"https:\/\/www.fccq.ca\/\" rel=\"noopener\" target=\"_blank\">F\u00e9d\u00e9ration des chambres de commerce du Qu\u00e9bec<\/a> (FCCQ)<\/li>\n<\/ul>\n<h2>Social Involvement<\/h2>\n<p>At T\u00e9l\u00e9-Ressources, our commitment goes beyond recruitment \u2014 it extends to the community we serve. As a Montreal-based recruitment agency, we proudly support a variety of charitable organizations that make a difference across Quebec. From fighting poverty and empowering women in need, to promoting education, the arts, and scientific advancement, we believe in using our success to drive positive social impact.<\/p>\n","protected":false},"excerpt":{"rendered":"<p>Professional Associations Member of l&#8217;Association nationale des entreprises en recrutement et placement de personnel (ACSESS) Member of Chambre de commerce du Montr\u00e9al m\u00e9tropolitain Member of F\u00e9d\u00e9ration des chambres de commerce du Qu\u00e9bec (FCCQ) Social Involvement At T\u00e9l\u00e9-Ressources, our commitment goes beyond recruitment \u2014 it extends to the community we serve. As a Montreal-based recruitment agency, [&hellip;]<\/p>\n","protected":false},"author":4,"featured_media":0,"parent":0,"menu_order":0,"comment_status":"closed","ping_status":"closed","template":"","meta":{"_monsterinsights_skip_tracking":false,"_monsterinsights_sitenote_active":false,"_monsterinsights_sitenote_note":"","_monsterinsights_sitenote_category":0,"footnotes":""},"yoast_head":"<!-- This site is optimized with the Yoast SEO plugin v21.1 - https:\/\/yoast.com\/wordpress\/plugins\/seo\/ -->\n<title>Community Outreach &ndash; T\u00e9l\u00e9-Ressources<\/title>\n<meta name=\"description\" content=\"Discover our commitment to charitable causes. From fighting poverty to supporting women in need, we proudly engage in meaningful community efforts.\" \/>\n<meta name=\"robots\" content=\"index, follow, max-snippet:-1, max-image-preview:large, max-video-preview:-1\" \/>\n<link rel=\"canonical\" href=\"https:\/\/www.teleressources.com\/en\/outreach\/\" \/>\n<meta property=\"og:locale\" content=\"en_US\" \/>\n<meta property=\"og:type\" content=\"article\" \/>\n<meta property=\"og:title\" content=\"Community Outreach\" \/>\n<meta property=\"og:description\" content=\"Discover job opportunities in Montreal and throughout Quebec!\" \/>\n<meta property=\"og:url\" content=\"https:\/\/www.teleressources.com\/en\/outreach\/\" \/>\n<meta property=\"og:site_name\" content=\"T\u00e9l\u00e9-Ressources\" \/>\n<meta property=\"article:modified_time\" content=\"2025-10-21T18:37:53+00:00\" \/>\n<meta property=\"og:image\" content=\"https:\/\/www.teleressources.com\/wp-content\/uploads\/2023\/08\/tr_logo_1200x630_no_tagline@2x.png\" \/>\n\t<meta property=\"og:image:width\" content=\"2400\" \/>\n\t<meta property=\"og:image:height\" content=\"1260\" \/>\n\t<meta property=\"og:image:type\" content=\"image\/png\" \/>\n<meta name=\"twitter:card\" content=\"summary_large_image\" \/>\n<meta name=\"twitter:title\" content=\"&ndash; T\u00e9l\u00e9-Ressources\" \/>\n<meta name=\"twitter:description\" content=\"Discover our commitment to charitable causes. From fighting poverty to supporting women in need, we proudly engage in meaningful community efforts.\" \/>\n<meta name=\"twitter:image\" content=\"https:\/\/www.teleressources.com\/wp-content\/uploads\/2023\/08\/tr_logo_1200x630_no_tagline@2x.png\" \/>\n<meta name=\"twitter:site\" content=\"@teleressources\" \/>\n<meta name=\"twitter:label1\" content=\"Est. reading time\" \/>\n\t<meta name=\"twitter:data1\" content=\"1 minute\" \/>\n<script type=\"application\/ld+json\" class=\"yoast-schema-graph\">{\"@context\":\"https:\/\/schema.org\",\"@graph\":[{\"@type\":\"WebPage\",\"@id\":\"https:\/\/www.teleressources.com\/en\/outreach\/\",\"url\":\"https:\/\/www.teleressources.com\/en\/outreach\/\",\"name\":\"Community Outreach\",\"isPartOf\":{\"@id\":\"https:\/\/www.teleressources.com\/en\/#website\"},\"datePublished\":\"2014-04-01T20:22:19+00:00\",\"dateModified\":\"2025-10-21T18:37:53+00:00\",\"description\":\"Discover our commitment to charitable causes. From fighting poverty to supporting women in need, we proudly engage in meaningful community efforts.\",\"breadcrumb\":{\"@id\":\"https:\/\/www.teleressources.com\/en\/outreach\/#breadcrumb\"},\"inLanguage\":\"en-US\",\"potentialAction\":[{\"@type\":\"ReadAction\",\"target\":[\"https:\/\/www.teleressources.com\/en\/outreach\/\"]}]},{\"@type\":\"BreadcrumbList\",\"@id\":\"https:\/\/www.teleressources.com\/en\/outreach\/#breadcrumb\",\"itemListElement\":[{\"@type\":\"ListItem\",\"position\":1,\"name\":\"Home\",\"item\":\"https:\/\/www.teleressources.com\/en\/\"},{\"@type\":\"ListItem\",\"position\":2,\"name\":\"OUTREACH\"}]},{\"@type\":\"WebSite\",\"@id\":\"https:\/\/www.teleressources.com\/en\/#website\",\"url\":\"https:\/\/www.teleressources.com\/en\/\",\"name\":\"T\u00e9l\u00e9-Ressources\",\"description\":\"Offres d&#039;emploi au Qu\u00e9bec et \u00e0 Montr\u00e9al\",\"publisher\":{\"@id\":\"https:\/\/www.teleressources.com\/en\/#organization\"},\"potentialAction\":[{\"@type\":\"SearchAction\",\"target\":{\"@type\":\"EntryPoint\",\"urlTemplate\":\"https:\/\/www.teleressources.com\/en\/?s={search_term_string}\"},\"query-input\":\"required name=search_term_string\"}],\"inLanguage\":\"en-US\"},{\"@type\":\"Organization\",\"@id\":\"https:\/\/www.teleressources.com\/en\/#organization\",\"name\":\"T\u00e9l\u00e9-Ressources\",\"url\":\"https:\/\/www.teleressources.com\/en\/\",\"logo\":{\"@type\":\"ImageObject\",\"inLanguage\":\"en-US\",\"@id\":\"https:\/\/www.teleressources.com\/en\/#\/schema\/logo\/image\/\",\"url\":\"https:\/\/www.teleressources.com\/wp-content\/uploads\/2014\/05\/Vrt-Couleur-High-No-Slogan-JPG.jpg\",\"contentUrl\":\"https:\/\/www.teleressources.com\/wp-content\/uploads\/2014\/05\/Vrt-Couleur-High-No-Slogan-JPG.jpg\",\"width\":1200,\"height\":1200,\"caption\":\"T\u00e9l\u00e9-Ressources\"},\"image\":{\"@id\":\"https:\/\/www.teleressources.com\/en\/#\/schema\/logo\/image\/\"}}]}<\/script>\n<!-- \/ Yoast SEO plugin. -->","yoast_head_json":{"title":"Community Outreach &ndash; T\u00e9l\u00e9-Ressources","description":"Discover our commitment to charitable causes. From fighting poverty to supporting women in need, we proudly engage in meaningful community efforts.","robots":{"index":"index","follow":"follow","max-snippet":"max-snippet:-1","max-image-preview":"max-image-preview:large","max-video-preview":"max-video-preview:-1"},"canonical":"https:\/\/www.teleressources.com\/en\/outreach\/","og_locale":"en_US","og_type":"article","og_title":"Community Outreach","og_description":"Discover job opportunities in Montreal and throughout Quebec!","og_url":"https:\/\/www.teleressources.com\/en\/outreach\/","og_site_name":"T\u00e9l\u00e9-Ressources","article_modified_time":"2025-10-21T18:37:53+00:00","og_image":[{"width":2400,"height":1260,"url":"https:\/\/www.teleressources.com\/wp-content\/uploads\/2023\/08\/tr_logo_1200x630_no_tagline@2x.png","type":"image\/png"}],"twitter_card":"summary_large_image","twitter_title":"&ndash; T\u00e9l\u00e9-Ressources","twitter_description":"Discover our commitment to charitable causes. From fighting poverty to supporting women in need, we proudly engage in meaningful community efforts.","twitter_image":"https:\/\/www.teleressources.com\/wp-content\/uploads\/2023\/08\/tr_logo_1200x630_no_tagline@2x.png","twitter_site":"@teleressources","twitter_misc":{"Est. reading time":"1 minute"},"schema":{"@context":"https:\/\/schema.org","@graph":[{"@type":"WebPage","@id":"https:\/\/www.teleressources.com\/en\/outreach\/","url":"https:\/\/www.teleressources.com\/en\/outreach\/","name":"Community Outreach","isPartOf":{"@id":"https:\/\/www.teleressources.com\/en\/#website"},"datePublished":"2014-04-01T20:22:19+00:00","dateModified":"2025-10-21T18:37:53+00:00","description":"Discover our commitment to charitable causes. From fighting poverty to supporting women in need, we proudly engage in meaningful community efforts.","breadcrumb":{"@id":"https:\/\/www.teleressources.com\/en\/outreach\/#breadcrumb"},"inLanguage":"en-US","potentialAction":[{"@type":"ReadAction","target":["https:\/\/www.teleressources.com\/en\/outreach\/"]}]},{"@type":"BreadcrumbList","@id":"https:\/\/www.teleressources.com\/en\/outreach\/#breadcrumb","itemListElement":[{"@type":"ListItem","position":1,"name":"Home","item":"https:\/\/www.teleressources.com\/en\/"},{"@type":"ListItem","position":2,"name":"OUTREACH"}]},{"@type":"WebSite","@id":"https:\/\/www.teleressources.com\/en\/#website","url":"https:\/\/www.teleressources.com\/en\/","name":"T\u00e9l\u00e9-Ressources","description":"Offres d&#039;emploi au Qu\u00e9bec et \u00e0 Montr\u00e9al","publisher":{"@id":"https:\/\/www.teleressources.com\/en\/#organization"},"potentialAction":[{"@type":"SearchAction","target":{"@type":"EntryPoint","urlTemplate":"https:\/\/www.teleressources.com\/en\/?s={search_term_string}"},"query-input":"required name=search_term_string"}],"inLanguage":"en-US"},{"@type":"Organization","@id":"https:\/\/www.teleressources.com\/en\/#organization","name":"T\u00e9l\u00e9-Ressources","url":"https:\/\/www.teleressources.com\/en\/","logo":{"@type":"ImageObject","inLanguage":"en-US","@id":"https:\/\/www.teleressources.com\/en\/#\/schema\/logo\/image\/","url":"https:\/\/www.teleressources.com\/wp-content\/uploads\/2014\/05\/Vrt-Couleur-High-No-Slogan-JPG.jpg","contentUrl":"https:\/\/www.teleressources.com\/wp-content\/uploads\/2014\/05\/Vrt-Couleur-High-No-Slogan-JPG.jpg","width":1200,"height":1200,"caption":"T\u00e9l\u00e9-Ressources"},"image":{"@id":"https:\/\/www.teleressources.com\/en\/#\/schema\/logo\/image\/"}}]}},"_links":{"self":[{"href":"https:\/\/www.teleressources.com\/en\/wp-json\/wp\/v2\/pages\/742"}],"collection":[{"href":"https:\/\/www.teleressources.com\/en\/wp-json\/wp\/v2\/pages"}],"about":[{"href":"https:\/\/www.teleressources.com\/en\/wp-json\/wp\/v2\/types\/page"}],"author":[{"embeddable":true,"href":"https:\/\/www.teleressources.com\/en\/wp-json\/wp\/v2\/users\/4"}],"replies":[{"embeddable":true,"href":"https:\/\/www.teleressources.com\/en\/wp-json\/wp\/v2\/comments?post=742"}],"version-history":[{"count":17,"href":"https:\/\/www.teleressources.com\/en\/wp-json\/wp\/v2\/pages\/742\/revisions"}],"predecessor-version":[{"id":27588,"href":"https:\/\/www.teleressources.com\/en\/wp-json\/wp\/v2\/pages\/742\/revisions\/27588"}],"wp:attachment":[{"href":"https:\/\/www.teleressources.com\/en\/wp-json\/wp\/v2\/media?parent=742"}],"curies":[{"name":"wp","href":"https:\/\/api.w.org\/{rel}","templated":true}]}}