{"id":746,"date":"2014-04-01T20:24:29","date_gmt":"2014-04-01T20:24:29","guid":{"rendered":"http:\/\/teleressources.nerdstudio.com\/?page_id=746"},"modified":"2025-09-15T12:25:39","modified_gmt":"2025-09-15T16:25:39","slug":"faq","status":"publish","type":"page","link":"https:\/\/www.teleressources.com\/en\/faq\/","title":{"rendered":"FAQ"},"content":{"rendered":"<h2>CANDIDATES<\/h2>\n<div class=\"omc-toggle\"><a class=\"show_hide\">+ Are there any registration fees?<\/a><\/p>\n<div class=\"jq_show_hide\">\n<p>No, registration and all services offered to candidates are absolutely free of charge.<\/p><\/div>\n<\/div>\n<div class=\"omc-toggle\"><a class=\"show_hide\">+ Now that I have a T\u00e9l\u00e9-Ressources file, how can I improve my chances of finding a job?<\/a><\/p>\n<div class=\"jq_show_hide\">\n<p>Keep in touch with your talent acquisition consultant, and keep them up to date on your recent work experiences or any changes to your contact information (address, phone number and email).<\/p>\n<p>Take a look at our job postings, and contact your consultant when a position that matches your skills catches your eye.<\/p>\n<p>By keeping us updated, we will find you a job!<\/p><\/div>\n<\/div>\n<div class=\"omc-toggle\"><a class=\"show_hide\">+ How much time will it take to find a job?<\/a><\/p>\n<div class=\"jq_show_hide\">\n<p>It is impossible to evaluate exactly how long the job fulfillment process could last. The outcome of the job search process is influenced by a variety of factors, including the alignment between your skills and experience and the requirements of the open positions. Maintaining regular communication with your talent consultant increases the likelihood of them considering you for relevant job opportunities that align with your skills and experience.<\/p><\/div>\n<\/div>\n<div class=\"omc-toggle\"><a class=\"show_hide\">+ It has been a while since I have used T\u00e9l\u00e9-Ressources services; is my file still valid?<\/a><\/p>\n<div class=\"jq_show_hide\">\n<p>Yes, you only need to update it. Contact one of our talent acquisition consultants, who will tell how to proceed.<\/p><\/div>\n<\/div>\n<div><\/div>\n<h2>EMPLOYEES<\/h2>\n<div class=\"omc-toggle\"><a class=\"show_hide\">+ When do I have to hand in my void cheque to get paid by direct deposit?<\/a><\/p>\n<div class=\"jq_show_hide\">\n<p>You have to send us your void cheque as soon you receive confirmation of your assignment in order for your pay to be deposited into your bank account in a timely manner.<\/p><\/div>\n<\/div>\n<div class=\"omc-toggle\"><a class=\"show_hide\">+ What are my responsibilities as an employee on assignment?<\/a><\/p>\n<div class=\"jq_show_hide\">\n<p>As a T\u00e9l\u00e9-Ressources ambassador, you need to remember that your actions do not only involve you, but also the agency and its team members.<\/p>\n<p>As an employee on assignment, it is your responsibility to abide by the terms relating to time sheets. <strong>You have to get your time sheet signed by your supervisor at the end of each week, and submit it by Monday at 10 a.m.<\/strong><\/p>\n<p>Be sure to contact your talent consultant on a regular basis to ensure adequate follow-up and to share any new developments concerning your assignment.<\/p>\n<p>It is imperative that you notify T\u00e9l\u00e9-Ressources of any serious problems or of any abnormal situations that might arise.\n<\/p><\/div>\n<\/div>\n<div class=\"omc-toggle\"><a class=\"show_hide\">+ If I agree to be placed on assignment, will that prevent me from finding a permanent job?<\/a><\/p>\n<div class=\"jq_show_hide\">\n<p>Absolutely not, T\u00e9l\u00e9-Ressources&#8217; talent consultants can always help you find a permanent position that suits your needs.<\/p><\/div>\n<\/div>\n<div class=\"omc-toggle\"><a class=\"show_hide\">+ If T\u00e9l\u00e9-Ressources puts me on assignment, will that reduce my chances of getting hired as a permanent employee by the company where I have been assigned?<\/a><\/p>\n<div class=\"jq_show_hide\">\n<p>No, since the experience you have acquired within the company will work in your favour when a permanent position becomes available. That is why it is essential to maintain positive relationships with your supervisor and colleagues, as they may potentially provide recommendations for future employment opportunities.<\/p><\/div>\n<\/div>\n<div class=\"omc-toggle\"><a class=\"show_hide\">+ I am on assignment and the company I work at wants to hire me as a permanent employee; will there be an amount deducted from my pay?<\/a><\/p>\n<div class=\"jq_show_hide\">\n<p>No, absolutely not.<\/p><\/div>\n<\/div>\n<div class=\"omc-toggle\"><a class=\"show_hide\">+ How can I refer a friend who is looking for a job?<\/a><\/p>\n<div class=\"jq_show_hide\">\n<p>Talk to your talent acquisition consultant; they will give you the name of a consultant who specializes in the type of employment sought. Your friend will then be able to contact the appropriate consultant to make an appointment.<\/p><\/div>\n<\/div>\n<p>If you have any other questions, ask us at <a href=\"mailto:info@teleressources.com\">info@teleressources.com<\/a><\/p>\n<p><script type=\"application\/ld+json\">\n{\n  \"@context\": \"https:\/\/schema.org\",\n  \"@type\": \"FAQPage\",\n  \"mainEntity\": [\n    {\n      \"@type\": \"Question\",\n      \"name\": \"Are there any registration fees?\",\n      \"acceptedAnswer\": {\n        \"@type\": \"Answer\",\n        \"text\": \"No, registration and all services offered to candidates are absolutely free of charge.\"\n      }\n    },\n    {\n      \"@type\": \"Question\",\n      \"name\": \"Now that I have a T\u00e9l\u00e9-Ressources file, how can I improve my chances of finding a job?\",\n      \"acceptedAnswer\": {\n        \"@type\": \"Answer\",\n        \"text\": \"Keep in touch with your talent acquisition consultant, and keep them up to date on your recent work experiences or any changes to your contact information. Take a look at our job postings, and contact your consultant when a position that matches your skills catches your eye. By keeping us updated, we will find you a job!\"\n      }\n    },\n    {\n      \"@type\": \"Question\",\n      \"name\": \"How much time will it take to find a job?\",\n      \"acceptedAnswer\": {\n        \"@type\": \"Answer\",\n        \"text\": \"It is impossible to evaluate exactly how long the job fulfillment process could last. The outcome is influenced by many factors, including the alignment between your skills and open positions. Maintaining regular communication with your consultant increases the likelihood of being considered for relevant opportunities.\"\n      }\n    },\n    {\n      \"@type\": \"Question\",\n      \"name\": \"It has been a while since I have used T\u00e9l\u00e9-Ressources services; is my file still valid?\",\n      \"acceptedAnswer\": {\n        \"@type\": \"Answer\",\n        \"text\": \"Yes, you only need to update it. Contact one of our talent acquisition consultants, who will tell you how to proceed.\"\n      }\n    },\n    {\n      \"@type\": \"Question\",\n      \"name\": \"When do I have to hand in my void cheque to get paid by direct deposit?\",\n      \"acceptedAnswer\": {\n        \"@type\": \"Answer\",\n        \"text\": \"You have to send us your void cheque as soon as you receive confirmation of your assignment in order for your pay to be deposited on time.\"\n      }\n    },\n    {\n      \"@type\": \"Question\",\n      \"name\": \"What are my responsibilities as an employee on assignment?\",\n      \"acceptedAnswer\": {\n        \"@type\": \"Answer\",\n        \"text\": \"As a T\u00e9l\u00e9-Ressources ambassador, your actions reflect on the agency and its team. You must abide by time sheet requirements, get them signed weekly, and submit them by Monday at 10 a.m. Stay in contact with your consultant and notify T\u00e9l\u00e9-Ressources of any serious problems or abnormal situations.\"\n      }\n    },\n    {\n      \"@type\": \"Question\",\n      \"name\": \"If I agree to be placed on assignment, will that prevent me from finding a permanent job?\",\n      \"acceptedAnswer\": {\n        \"@type\": \"Answer\",\n        \"text\": \"Absolutely not. T\u00e9l\u00e9-Ressources\u2019 talent consultants can always help you find a permanent position that suits your needs.\"\n      }\n    },\n    {\n      \"@type\": \"Question\",\n      \"name\": \"If T\u00e9l\u00e9-Ressources puts me on assignment, will that reduce my chances of getting hired as a permanent employee by the company where I have been assigned?\",\n      \"acceptedAnswer\": {\n        \"@type\": \"Answer\",\n        \"text\": \"No. The experience you acquire within the company will work in your favour when a permanent position becomes available. Maintaining positive relationships with your supervisor and colleagues may also provide recommendations for future opportunities.\"\n      }\n    },\n    {\n      \"@type\": \"Question\",\n      \"name\": \"I am on assignment and the company I work at wants to hire me as a permanent employee; will there be an amount deducted from my pay?\",\n      \"acceptedAnswer\": {\n        \"@type\": \"Answer\",\n        \"text\": \"No, absolutely not.\"\n      }\n    },\n    {\n      \"@type\": \"Question\",\n      \"name\": \"How can I refer a friend who is looking for a job?\",\n      \"acceptedAnswer\": {\n        \"@type\": \"Answer\",\n        \"text\": \"Talk to your talent acquisition consultant, who will refer you to a specialist consultant. Your friend can then make an appointment with the appropriate consultant.\"\n      }\n    }\n  ]\n}\n<\/script><\/p>\n","protected":false},"excerpt":{"rendered":"<p>CANDIDATES EMPLOYEES If you have any other questions, ask us at info@teleressources.com<\/p>\n","protected":false},"author":4,"featured_media":0,"parent":0,"menu_order":0,"comment_status":"closed","ping_status":"closed","template":"","meta":{"_monsterinsights_skip_tracking":false,"_monsterinsights_sitenote_active":false,"_monsterinsights_sitenote_note":"","_monsterinsights_sitenote_category":0,"footnotes":""},"yoast_head":"<!-- This site is optimized with the Yoast SEO plugin v21.1 - https:\/\/yoast.com\/wordpress\/plugins\/seo\/ -->\n<title>FAQs for Job Seekers &amp; Employees &ndash; T\u00e9l\u00e9-Ressources<\/title>\n<meta name=\"description\" content=\"Have questions? Check our FAQs for answers on job seeking and employment. For more help, email us at info@teleressources.com.\" \/>\n<meta name=\"robots\" content=\"index, follow, max-snippet:-1, max-image-preview:large, max-video-preview:-1\" \/>\n<link rel=\"canonical\" href=\"https:\/\/www.teleressources.com\/en\/faq\/\" \/>\n<meta property=\"og:locale\" content=\"en_US\" \/>\n<meta property=\"og:type\" content=\"article\" \/>\n<meta property=\"og:title\" content=\"FAQs for Job Seekers &amp; Employees\" \/>\n<meta property=\"og:description\" content=\"Discover job opportunities in Montreal and throughout Quebec!\" \/>\n<meta property=\"og:url\" content=\"https:\/\/www.teleressources.com\/en\/faq\/\" \/>\n<meta property=\"og:site_name\" content=\"T\u00e9l\u00e9-Ressources\" \/>\n<meta property=\"article:modified_time\" content=\"2025-09-15T16:25:39+00:00\" \/>\n<meta property=\"og:image\" content=\"https:\/\/www.teleressources.com\/wp-content\/uploads\/2023\/08\/tr_logo_1200x630_no_tagline@2x.png\" \/>\n\t<meta property=\"og:image:width\" content=\"2400\" \/>\n\t<meta property=\"og:image:height\" content=\"1260\" \/>\n\t<meta property=\"og:image:type\" content=\"image\/png\" \/>\n<meta name=\"twitter:card\" content=\"summary_large_image\" \/>\n<meta name=\"twitter:title\" content=\"&ndash; T\u00e9l\u00e9-Ressources\" \/>\n<meta name=\"twitter:description\" content=\"Have questions? Check our FAQs for answers on job seeking and employment. For more help, email us at info@teleressources.com.\" \/>\n<meta name=\"twitter:image\" content=\"https:\/\/www.teleressources.com\/wp-content\/uploads\/2023\/08\/tr_logo_1200x630_no_tagline@2x.png\" \/>\n<meta name=\"twitter:site\" content=\"@teleressources\" \/>\n<meta name=\"twitter:label1\" content=\"Est. reading time\" \/>\n\t<meta name=\"twitter:data1\" content=\"3 minutes\" \/>\n<script type=\"application\/ld+json\" class=\"yoast-schema-graph\">{\"@context\":\"https:\/\/schema.org\",\"@graph\":[{\"@type\":\"WebPage\",\"@id\":\"https:\/\/www.teleressources.com\/en\/faq\/\",\"url\":\"https:\/\/www.teleressources.com\/en\/faq\/\",\"name\":\"FAQs for Job Seekers & Employees\",\"isPartOf\":{\"@id\":\"https:\/\/www.teleressources.com\/en\/#website\"},\"datePublished\":\"2014-04-01T20:24:29+00:00\",\"dateModified\":\"2025-09-15T16:25:39+00:00\",\"description\":\"Have questions? Check our FAQs for answers on job seeking and employment. For more help, email us at info@teleressources.com.\",\"breadcrumb\":{\"@id\":\"https:\/\/www.teleressources.com\/en\/faq\/#breadcrumb\"},\"inLanguage\":\"en-US\",\"potentialAction\":[{\"@type\":\"ReadAction\",\"target\":[\"https:\/\/www.teleressources.com\/en\/faq\/\"]}]},{\"@type\":\"BreadcrumbList\",\"@id\":\"https:\/\/www.teleressources.com\/en\/faq\/#breadcrumb\",\"itemListElement\":[{\"@type\":\"ListItem\",\"position\":1,\"name\":\"Home\",\"item\":\"https:\/\/www.teleressources.com\/en\/\"},{\"@type\":\"ListItem\",\"position\":2,\"name\":\"FAQ\"}]},{\"@type\":\"WebSite\",\"@id\":\"https:\/\/www.teleressources.com\/en\/#website\",\"url\":\"https:\/\/www.teleressources.com\/en\/\",\"name\":\"T\u00e9l\u00e9-Ressources\",\"description\":\"Offres d&#039;emploi au Qu\u00e9bec et \u00e0 Montr\u00e9al\",\"publisher\":{\"@id\":\"https:\/\/www.teleressources.com\/en\/#organization\"},\"potentialAction\":[{\"@type\":\"SearchAction\",\"target\":{\"@type\":\"EntryPoint\",\"urlTemplate\":\"https:\/\/www.teleressources.com\/en\/?s={search_term_string}\"},\"query-input\":\"required name=search_term_string\"}],\"inLanguage\":\"en-US\"},{\"@type\":\"Organization\",\"@id\":\"https:\/\/www.teleressources.com\/en\/#organization\",\"name\":\"T\u00e9l\u00e9-Ressources\",\"url\":\"https:\/\/www.teleressources.com\/en\/\",\"logo\":{\"@type\":\"ImageObject\",\"inLanguage\":\"en-US\",\"@id\":\"https:\/\/www.teleressources.com\/en\/#\/schema\/logo\/image\/\",\"url\":\"https:\/\/www.teleressources.com\/wp-content\/uploads\/2014\/05\/Vrt-Couleur-High-No-Slogan-JPG.jpg\",\"contentUrl\":\"https:\/\/www.teleressources.com\/wp-content\/uploads\/2014\/05\/Vrt-Couleur-High-No-Slogan-JPG.jpg\",\"width\":1200,\"height\":1200,\"caption\":\"T\u00e9l\u00e9-Ressources\"},\"image\":{\"@id\":\"https:\/\/www.teleressources.com\/en\/#\/schema\/logo\/image\/\"}}]}<\/script>\n<!-- \/ Yoast SEO plugin. -->","yoast_head_json":{"title":"FAQs for Job Seekers & Employees &ndash; T\u00e9l\u00e9-Ressources","description":"Have questions? Check our FAQs for answers on job seeking and employment. For more help, email us at info@teleressources.com.","robots":{"index":"index","follow":"follow","max-snippet":"max-snippet:-1","max-image-preview":"max-image-preview:large","max-video-preview":"max-video-preview:-1"},"canonical":"https:\/\/www.teleressources.com\/en\/faq\/","og_locale":"en_US","og_type":"article","og_title":"FAQs for Job Seekers & Employees","og_description":"Discover job opportunities in Montreal and throughout Quebec!","og_url":"https:\/\/www.teleressources.com\/en\/faq\/","og_site_name":"T\u00e9l\u00e9-Ressources","article_modified_time":"2025-09-15T16:25:39+00:00","og_image":[{"width":2400,"height":1260,"url":"https:\/\/www.teleressources.com\/wp-content\/uploads\/2023\/08\/tr_logo_1200x630_no_tagline@2x.png","type":"image\/png"}],"twitter_card":"summary_large_image","twitter_title":"&ndash; T\u00e9l\u00e9-Ressources","twitter_description":"Have questions? Check our FAQs for answers on job seeking and employment. For more help, email us at info@teleressources.com.","twitter_image":"https:\/\/www.teleressources.com\/wp-content\/uploads\/2023\/08\/tr_logo_1200x630_no_tagline@2x.png","twitter_site":"@teleressources","twitter_misc":{"Est. reading time":"3 minutes"},"schema":{"@context":"https:\/\/schema.org","@graph":[{"@type":"WebPage","@id":"https:\/\/www.teleressources.com\/en\/faq\/","url":"https:\/\/www.teleressources.com\/en\/faq\/","name":"FAQs for Job Seekers & Employees","isPartOf":{"@id":"https:\/\/www.teleressources.com\/en\/#website"},"datePublished":"2014-04-01T20:24:29+00:00","dateModified":"2025-09-15T16:25:39+00:00","description":"Have questions? Check our FAQs for answers on job seeking and employment. For more help, email us at info@teleressources.com.","breadcrumb":{"@id":"https:\/\/www.teleressources.com\/en\/faq\/#breadcrumb"},"inLanguage":"en-US","potentialAction":[{"@type":"ReadAction","target":["https:\/\/www.teleressources.com\/en\/faq\/"]}]},{"@type":"BreadcrumbList","@id":"https:\/\/www.teleressources.com\/en\/faq\/#breadcrumb","itemListElement":[{"@type":"ListItem","position":1,"name":"Home","item":"https:\/\/www.teleressources.com\/en\/"},{"@type":"ListItem","position":2,"name":"FAQ"}]},{"@type":"WebSite","@id":"https:\/\/www.teleressources.com\/en\/#website","url":"https:\/\/www.teleressources.com\/en\/","name":"T\u00e9l\u00e9-Ressources","description":"Offres d&#039;emploi au Qu\u00e9bec et \u00e0 Montr\u00e9al","publisher":{"@id":"https:\/\/www.teleressources.com\/en\/#organization"},"potentialAction":[{"@type":"SearchAction","target":{"@type":"EntryPoint","urlTemplate":"https:\/\/www.teleressources.com\/en\/?s={search_term_string}"},"query-input":"required name=search_term_string"}],"inLanguage":"en-US"},{"@type":"Organization","@id":"https:\/\/www.teleressources.com\/en\/#organization","name":"T\u00e9l\u00e9-Ressources","url":"https:\/\/www.teleressources.com\/en\/","logo":{"@type":"ImageObject","inLanguage":"en-US","@id":"https:\/\/www.teleressources.com\/en\/#\/schema\/logo\/image\/","url":"https:\/\/www.teleressources.com\/wp-content\/uploads\/2014\/05\/Vrt-Couleur-High-No-Slogan-JPG.jpg","contentUrl":"https:\/\/www.teleressources.com\/wp-content\/uploads\/2014\/05\/Vrt-Couleur-High-No-Slogan-JPG.jpg","width":1200,"height":1200,"caption":"T\u00e9l\u00e9-Ressources"},"image":{"@id":"https:\/\/www.teleressources.com\/en\/#\/schema\/logo\/image\/"}}]}},"_links":{"self":[{"href":"https:\/\/www.teleressources.com\/en\/wp-json\/wp\/v2\/pages\/746"}],"collection":[{"href":"https:\/\/www.teleressources.com\/en\/wp-json\/wp\/v2\/pages"}],"about":[{"href":"https:\/\/www.teleressources.com\/en\/wp-json\/wp\/v2\/types\/page"}],"author":[{"embeddable":true,"href":"https:\/\/www.teleressources.com\/en\/wp-json\/wp\/v2\/users\/4"}],"replies":[{"embeddable":true,"href":"https:\/\/www.teleressources.com\/en\/wp-json\/wp\/v2\/comments?post=746"}],"version-history":[{"count":11,"href":"https:\/\/www.teleressources.com\/en\/wp-json\/wp\/v2\/pages\/746\/revisions"}],"predecessor-version":[{"id":27557,"href":"https:\/\/www.teleressources.com\/en\/wp-json\/wp\/v2\/pages\/746\/revisions\/27557"}],"wp:attachment":[{"href":"https:\/\/www.teleressources.com\/en\/wp-json\/wp\/v2\/media?parent=746"}],"curies":[{"name":"wp","href":"https:\/\/api.w.org\/{rel}","templated":true}]}}